{"id":903,"date":"2020-04-08T12:07:58","date_gmt":"2020-04-08T10:07:58","guid":{"rendered":"http:\/\/mwgarden.wytyk.pl\/?page_id=903"},"modified":"2023-09-29T06:33:09","modified_gmt":"2023-09-29T04:33:09","slug":"projekty-unijne","status":"publish","type":"page","link":"https:\/\/te.poznan.pl\/?page_id=903","title":{"rendered":"PROJEKTY UNIJNE"},"content":{"rendered":"<div class=\"wpb-content-wrapper\"><p>[vc_row][vc_column]<style type=\"text\/css\" data-type=\"the7_shortcodes-inline-css\">.portfolio-shortcode.portfolio-masonry-shortcode-id-7b63085c0d11c9a0dcd14f00b2cf4272.dividers-on.classic-layout-list article {\n  padding-top: 0;\n}\n.portfolio-shortcode.portfolio-masonry-shortcode-id-7b63085c0d11c9a0dcd14f00b2cf4272.dividers-on.classic-layout-list article:first-of-type {\n  margin-top: 0;\n  padding-top: 0;\n}\n.portfolio-shortcode.portfolio-masonry-shortcode-id-7b63085c0d11c9a0dcd14f00b2cf4272.classic-layout-list.mode-list .post-entry-content {\n  width: calc(100% - );\n}\n.portfolio-shortcode.portfolio-masonry-shortcode-id-7b63085c0d11c9a0dcd14f00b2cf4272.classic-layout-list.mode-list .no-img .post-entry-content {\n  width: 100%;\n}\n.portfolio-shortcode.portfolio-masonry-shortcode-id-7b63085c0d11c9a0dcd14f00b2cf4272 .filter-bg-decoration .filter-categories a.act {\n  color: #fff;\n}\n.portfolio-shortcode.portfolio-masonry-shortcode-id-7b63085c0d11c9a0dcd14f00b2cf4272:not(.mode-masonry) article:first-of-type,\n.portfolio-shortcode.portfolio-masonry-shortcode-id-7b63085c0d11c9a0dcd14f00b2cf4272:not(.mode-masonry) article.visible.first {\n  margin-top: 0;\n}\n.portfolio-shortcode.portfolio-masonry-shortcode-id-7b63085c0d11c9a0dcd14f00b2cf4272.dividers-on:not(.mode-masonry) article {\n  margin-top: 0;\n}\n.portfolio-shortcode.portfolio-masonry-shortcode-id-7b63085c0d11c9a0dcd14f00b2cf4272.dividers-on:not(.mode-masonry) article:first-of-type,\n.portfolio-shortcode.portfolio-masonry-shortcode-id-7b63085c0d11c9a0dcd14f00b2cf4272.dividers-on:not(.mode-masonry) article.visible.first {\n  margin-top: 0;\n  padding-top: 0;\n}\n.portfolio-shortcode.portfolio-masonry-shortcode-id-7b63085c0d11c9a0dcd14f00b2cf4272.hover-scale article:after {\n  background: -webkit-linear-gradient();\n  background: linear-gradient();\n}\n.portfolio-shortcode.portfolio-masonry-shortcode-id-7b63085c0d11c9a0dcd14f00b2cf4272.gradient-overlay-layout-list article {\n  border-radius: 0px;\n}\n.portfolio-shortcode.portfolio-masonry-shortcode-id-7b63085c0d11c9a0dcd14f00b2cf4272 .post-thumbnail-wrap {\n  padding: 0px 0px 0px 0px;\n  border-radius: 0px;\n}\n.portfolio-shortcode.portfolio-masonry-shortcode-id-7b63085c0d11c9a0dcd14f00b2cf4272 .post-thumbnail-wrap *,\n.portfolio-shortcode.portfolio-masonry-shortcode-id-7b63085c0d11c9a0dcd14f00b2cf4272 .post-thumbnail-rollover:after {\n  border-radius: 0px;\n}\n.portfolio-shortcode.portfolio-masonry-shortcode-id-7b63085c0d11c9a0dcd14f00b2cf4272.enable-bg-rollover .post-thumbnail-rollover:after {\n  background: -webkit-linear-gradient();\n  background: linear-gradient();\n}\n.bottom-overlap-layout-list.portfolio-shortcode.portfolio-masonry-shortcode-id-7b63085c0d11c9a0dcd14f00b2cf4272 .project-links-container {\n  height: calc(100% - 100px);\n}\n.portfolio-shortcode.portfolio-masonry-shortcode-id-7b63085c0d11c9a0dcd14f00b2cf4272 .project-links-container a {\n  width: 44px;\n  height: 44px;\n  line-height: 44px;\n  border-radius: 100px;\n  margin: 10px 5px 10px;\n}\n.content-rollover-layout-list:not(.content-align-center).portfolio-shortcode.portfolio-masonry-shortcode-id-7b63085c0d11c9a0dcd14f00b2cf4272 .project-links-container a,\n.gradient-overlay-layout-list:not(.content-align-center).portfolio-shortcode.portfolio-masonry-shortcode-id-7b63085c0d11c9a0dcd14f00b2cf4272 .project-links-container a {\n  margin: 10px 10px 10px 0;\n}\n.dt-icon-border-on.portfolio-shortcode.portfolio-masonry-shortcode-id-7b63085c0d11c9a0dcd14f00b2cf4272 .project-links-container a:before {\n  border-width: 0px;\n  border-style: solid;\n}\n.dt-icon-hover-border-on.portfolio-shortcode.portfolio-masonry-shortcode-id-7b63085c0d11c9a0dcd14f00b2cf4272 .project-links-container a:after {\n  border-width: 0px;\n  border-style: solid;\n}\n.dt-icon-bg-on.portfolio-shortcode.portfolio-masonry-shortcode-id-7b63085c0d11c9a0dcd14f00b2cf4272 .project-links-container a:before {\n  background: rgba(255,255,255,0.3);\n  -webkit-box-shadow: none;\n  box-shadow: none;\n}\n.dt-icon-hover-bg-on.portfolio-shortcode.portfolio-masonry-shortcode-id-7b63085c0d11c9a0dcd14f00b2cf4272 .project-links-container a:after {\n  background: rgba(255,255,255,0.5);\n  -webkit-box-shadow: none;\n  box-shadow: none;\n}\n.portfolio-shortcode.portfolio-masonry-shortcode-id-7b63085c0d11c9a0dcd14f00b2cf4272 .project-links-container a > span,\n.portfolio-shortcode.portfolio-masonry-shortcode-id-7b63085c0d11c9a0dcd14f00b2cf4272 .project-links-container a > span:before {\n  font-size: 16px;\n  line-height: 44px;\n}\n.portfolio-shortcode.portfolio-masonry-shortcode-id-7b63085c0d11c9a0dcd14f00b2cf4272 .project-links-container a:not(:hover) > span {\n  color: #ffffff;\n}\n.dt-icon-hover-off.portfolio-shortcode.portfolio-masonry-shortcode-id-7b63085c0d11c9a0dcd14f00b2cf4272 .project-links-container a > span,\n.dt-icon-hover-off.portfolio-shortcode.portfolio-masonry-shortcode-id-7b63085c0d11c9a0dcd14f00b2cf4272 .project-links-container a:hover > span {\n  color: #ffffff;\n}\n.dt-icon-hover-on.portfolio-shortcode.portfolio-masonry-shortcode-id-7b63085c0d11c9a0dcd14f00b2cf4272 .project-links-container a:hover > span {\n  color: #ffffff;\n}\n.portfolio-shortcode.portfolio-masonry-shortcode-id-7b63085c0d11c9a0dcd14f00b2cf4272 .entry-title,\n.portfolio-shortcode.portfolio-masonry-shortcode-id-7b63085c0d11c9a0dcd14f00b2cf4272.owl-carousel .entry-title {\n  margin-bottom: 5px;\n  font-weight: bold;\n}\n.portfolio-shortcode.portfolio-masonry-shortcode-id-7b63085c0d11c9a0dcd14f00b2cf4272 .entry-meta {\n  margin-bottom: 15px;\n}\n.portfolio-shortcode.portfolio-masonry-shortcode-id-7b63085c0d11c9a0dcd14f00b2cf4272 .entry-meta * {\n  font-weight: bold;\n}\n.portfolio-shortcode.portfolio-masonry-shortcode-id-7b63085c0d11c9a0dcd14f00b2cf4272 .portfolio-categories {\n  margin-bottom: 15px;\n}\n.portfolio-shortcode.portfolio-masonry-shortcode-id-7b63085c0d11c9a0dcd14f00b2cf4272 .entry-excerpt {\n  margin-bottom: 5px;\n}\n.portfolio-shortcode.portfolio-masonry-shortcode-id-7b63085c0d11c9a0dcd14f00b2cf4272:not(.centered-layout-list) .post-entry-content {\n  padding: 25px 30px 30px 30px;\n}\n.portfolio-shortcode.portfolio-masonry-shortcode-id-7b63085c0d11c9a0dcd14f00b2cf4272:not(.centered-layout-list):not(\n      .content-bg-on\n    ):not(.mode-list)\n    .no-img\n    .post-entry-content {\n  padding: 0;\n}\n.portfolio-shortcode.portfolio-masonry-shortcode-id-7b63085c0d11c9a0dcd14f00b2cf4272.gradient-overlay-layout-list .post-entry-content {\n  border-radius: 0px;\n}\n@media screen and (max-width: ) {\n  .portfolio-shortcode.portfolio-masonry-shortcode-id-7b63085c0d11c9a0dcd14f00b2cf4272 article {\n    -webkit-flex-flow: column nowrap;\n    -moz-flex-flow: column nowrap;\n    -ms-flex-flow: column nowrap;\n    flex-flow: column nowrap;\n    margin-top: 20px;\n  }\n  .portfolio-shortcode.portfolio-masonry-shortcode-id-7b63085c0d11c9a0dcd14f00b2cf4272.dividers-on article {\n    border: none;\n  }\n  .portfolio-shortcode.portfolio-masonry-shortcode-id-7b63085c0d11c9a0dcd14f00b2cf4272.content-bg-on.centered-layout-list article {\n    padding: 0;\n  }\n  #page .portfolio-shortcode.portfolio-masonry-shortcode-id-7b63085c0d11c9a0dcd14f00b2cf4272 .post-thumbnail-wrap,\n  #page .portfolio-shortcode.portfolio-masonry-shortcode-id-7b63085c0d11c9a0dcd14f00b2cf4272 .post-entry-content {\n    width: 100%;\n    margin: 0;\n    top: 0;\n  }\n  #page .portfolio-shortcode.portfolio-masonry-shortcode-id-7b63085c0d11c9a0dcd14f00b2cf4272 .post-thumbnail-wrap {\n    padding: 0;\n  }\n  #page .portfolio-shortcode.portfolio-masonry-shortcode-id-7b63085c0d11c9a0dcd14f00b2cf4272 .post-entry-content:after {\n    display: none;\n  }\n  #page .portfolio-shortcode.portfolio-masonry-shortcode-id-7b63085c0d11c9a0dcd14f00b2cf4272 .project-even .post-thumbnail-wrap,\n  #page .portfolio-shortcode.portfolio-masonry-shortcode-id-7b63085c0d11c9a0dcd14f00b2cf4272.centered-layout-list .post-thumbnail-wrap {\n    -webkit-order: 0;\n    -moz-order: 0;\n    -ms-flex-order: 0;\n    order: 0;\n  }\n  #page .portfolio-shortcode.portfolio-masonry-shortcode-id-7b63085c0d11c9a0dcd14f00b2cf4272.centered-layout-list .post-entry-title-content {\n    -webkit-order: 1;\n    -moz-order: 1;\n    -ms-flex-order: 1;\n    order: 1;\n    width: 100%;\n    padding: 20px 20px 0;\n  }\n  #page .portfolio-shortcode.portfolio-masonry-shortcode-id-7b63085c0d11c9a0dcd14f00b2cf4272.centered-layout-list .post-entry-content {\n    -webkit-order: 2;\n    -moz-order: 2;\n    -ms-flex-order: 2;\n    order: 2;\n    padding-top: 0;\n  }\n  #page .portfolio-shortcode.portfolio-masonry-shortcode-id-7b63085c0d11c9a0dcd14f00b2cf4272 .post-entry-content {\n    padding: 20px;\n  }\n  #page .portfolio-shortcode.portfolio-masonry-shortcode-id-7b63085c0d11c9a0dcd14f00b2cf4272 .entry-title {\n    margin: 3px 0 5px;\n    font-size: 20px;\n    line-height: 26px;\n  }\n  #page .portfolio-shortcode.portfolio-masonry-shortcode-id-7b63085c0d11c9a0dcd14f00b2cf4272 .entry-meta {\n    margin: 5px 0 5px;\n  }\n  #page .portfolio-shortcode.portfolio-masonry-shortcode-id-7b63085c0d11c9a0dcd14f00b2cf4272 .entry-excerpt {\n    margin: 15px 0 0;\n  }\n  #page .portfolio-shortcode.portfolio-masonry-shortcode-id-7b63085c0d11c9a0dcd14f00b2cf4272 .post-details {\n    margin: 5px 0 10px;\n  }\n  #page .portfolio-shortcode.portfolio-masonry-shortcode-id-7b63085c0d11c9a0dcd14f00b2cf4272 .post-details.details-type-link {\n    margin-bottom: 2px;\n  }\n}\n.portfolio-shortcode.portfolio-masonry-shortcode-id-7b63085c0d11c9a0dcd14f00b2cf4272:not(.resize-by-browser-width) .dt-css-grid {\n  grid-row-gap: 30px;\n  grid-column-gap: 30px;\n  grid-template-columns: repeat(auto-fill,minmax(,1fr));\n}\n.portfolio-shortcode.portfolio-masonry-shortcode-id-7b63085c0d11c9a0dcd14f00b2cf4272:not(.resize-by-browser-width) .dt-css-grid .double-width {\n  grid-column: span 2;\n}\n.cssgridlegacy.no-cssgrid .portfolio-shortcode.portfolio-masonry-shortcode-id-7b63085c0d11c9a0dcd14f00b2cf4272:not(.resize-by-browser-width) .dt-css-grid,\n.no-cssgridlegacy.no-cssgrid .portfolio-shortcode.portfolio-masonry-shortcode-id-7b63085c0d11c9a0dcd14f00b2cf4272:not(.resize-by-browser-width) .dt-css-grid {\n  display: flex;\n  flex-flow: row wrap;\n  margin: -15px;\n}\n.cssgridlegacy.no-cssgrid .portfolio-shortcode.portfolio-masonry-shortcode-id-7b63085c0d11c9a0dcd14f00b2cf4272:not(.resize-by-browser-width) .dt-css-grid .wf-cell,\n.no-cssgridlegacy.no-cssgrid .portfolio-shortcode.portfolio-masonry-shortcode-id-7b63085c0d11c9a0dcd14f00b2cf4272:not(.resize-by-browser-width) .dt-css-grid .wf-cell {\n  flex: 1 0 ;\n  max-width: 100%;\n  padding: 15px;\n  box-sizing: border-box;\n}\n.portfolio-shortcode.portfolio-masonry-shortcode-id-7b63085c0d11c9a0dcd14f00b2cf4272.resize-by-browser-width .dt-css-grid {\n  grid-template-columns: repeat(3,1fr);\n  grid-template-rows: auto;\n  grid-column-gap: 30px;\n  grid-row-gap: 30px;\n}\n.portfolio-shortcode.portfolio-masonry-shortcode-id-7b63085c0d11c9a0dcd14f00b2cf4272.resize-by-browser-width .dt-css-grid .double-width {\n  grid-column: span 2;\n}\n.cssgridlegacy.no-cssgrid .portfolio-shortcode.portfolio-masonry-shortcode-id-7b63085c0d11c9a0dcd14f00b2cf4272.resize-by-browser-width .dt-css-grid {\n  margin: -15px;\n}\n.cssgridlegacy.no-cssgrid .portfolio-shortcode.portfolio-masonry-shortcode-id-7b63085c0d11c9a0dcd14f00b2cf4272.resize-by-browser-width .dt-css-grid .wf-cell {\n  width: 33.333333333333%;\n  padding: 15px;\n}\n.cssgridlegacy.no-cssgrid .portfolio-shortcode.portfolio-masonry-shortcode-id-7b63085c0d11c9a0dcd14f00b2cf4272.resize-by-browser-width .dt-css-grid .wf-cell.double-width {\n  width: calc(33.333333333333%) * 2;\n}\n.portfolio-shortcode.portfolio-masonry-shortcode-id-7b63085c0d11c9a0dcd14f00b2cf4272.resize-by-browser-width:not(.centered-layout-list):not(.content-bg-on) .dt-css-grid {\n  grid-row-gap: 0px;\n}\n@media screen and (max-width: 1199px) {\n  .portfolio-shortcode.portfolio-masonry-shortcode-id-7b63085c0d11c9a0dcd14f00b2cf4272.resize-by-browser-width .dt-css-grid {\n    grid-template-columns: repeat(3,1fr);\n  }\n  .cssgridlegacy.no-cssgrid .portfolio-shortcode.portfolio-masonry-shortcode-id-7b63085c0d11c9a0dcd14f00b2cf4272.resize-by-browser-width .dt-css-grid .wf-cell,\n  .no-cssgridlegacy.no-cssgrid .portfolio-shortcode.portfolio-masonry-shortcode-id-7b63085c0d11c9a0dcd14f00b2cf4272.resize-by-browser-width .dt-css-grid .wf-cell {\n    width: 33.333333333333%;\n  }\n  .cssgridlegacy.no-cssgrid .portfolio-shortcode.portfolio-masonry-shortcode-id-7b63085c0d11c9a0dcd14f00b2cf4272.resize-by-browser-width .dt-css-grid .wf-cell.double-width,\n  .no-cssgridlegacy.no-cssgrid .portfolio-shortcode.portfolio-masonry-shortcode-id-7b63085c0d11c9a0dcd14f00b2cf4272.resize-by-browser-width .dt-css-grid .wf-cell.double-width {\n    width: calc(33.333333333333%)*2;\n  }\n}\n@media screen and (max-width: 991px) {\n  .portfolio-shortcode.portfolio-masonry-shortcode-id-7b63085c0d11c9a0dcd14f00b2cf4272.resize-by-browser-width .dt-css-grid {\n    grid-template-columns: repeat(2,1fr);\n  }\n  .cssgridlegacy.no-cssgrid .portfolio-shortcode.portfolio-masonry-shortcode-id-7b63085c0d11c9a0dcd14f00b2cf4272.resize-by-browser-width .dt-css-grid .wf-cell,\n  .no-cssgridlegacy.no-cssgrid .portfolio-shortcode.portfolio-masonry-shortcode-id-7b63085c0d11c9a0dcd14f00b2cf4272.resize-by-browser-width .dt-css-grid .wf-cell {\n    width: 50%;\n  }\n  .cssgridlegacy.no-cssgrid .portfolio-shortcode.portfolio-masonry-shortcode-id-7b63085c0d11c9a0dcd14f00b2cf4272.resize-by-browser-width .dt-css-grid .wf-cell.double-width,\n  .no-cssgridlegacy.no-cssgrid .portfolio-shortcode.portfolio-masonry-shortcode-id-7b63085c0d11c9a0dcd14f00b2cf4272.resize-by-browser-width .dt-css-grid .wf-cell.double-width {\n    width: calc(50%)*2;\n  }\n}\n@media screen and (max-width: 767px) {\n  .portfolio-shortcode.portfolio-masonry-shortcode-id-7b63085c0d11c9a0dcd14f00b2cf4272.resize-by-browser-width .dt-css-grid {\n    grid-template-columns: repeat(1,1fr);\n  }\n  .portfolio-shortcode.portfolio-masonry-shortcode-id-7b63085c0d11c9a0dcd14f00b2cf4272.resize-by-browser-width .dt-css-grid .double-width {\n    grid-column: span 1;\n  }\n  .cssgridlegacy.no-cssgrid .portfolio-shortcode.portfolio-masonry-shortcode-id-7b63085c0d11c9a0dcd14f00b2cf4272.resize-by-browser-width .dt-css-grid .wf-cell,\n  .no-cssgridlegacy.no-cssgrid .portfolio-shortcode.portfolio-masonry-shortcode-id-7b63085c0d11c9a0dcd14f00b2cf4272.resize-by-browser-width .dt-css-grid .wf-cell {\n    width: 100%;\n  }\n  .cssgridlegacy.no-cssgrid .portfolio-shortcode.portfolio-masonry-shortcode-id-7b63085c0d11c9a0dcd14f00b2cf4272.resize-by-browser-width .dt-css-grid .wf-cell.double-width,\n  .no-cssgridlegacy.no-cssgrid .portfolio-shortcode.portfolio-masonry-shortcode-id-7b63085c0d11c9a0dcd14f00b2cf4272.resize-by-browser-width .dt-css-grid .wf-cell.double-width {\n    width: calc(100%)*2;\n  }\n}\n<\/style><div class=\"portfolio-shortcode portfolio-masonry-shortcode-id-7b63085c0d11c9a0dcd14f00b2cf4272 mode-grid classic-layout-list content-bg-on content-align-center dt-icon-bg-on dt-icon-border-on dt-icon-hover-on dt-icon-hover-border-on dt-icon-hover-bg-on quick-scale-img dt-css-grid-wrap enable-bg-rollover resize-by-browser-width  loading-effect-none description-under-image \" data-padding=\"15px\" data-cur-page=\"1\" data-post-limit=\"-1\" data-pagination-mode=\"pages\" data-desktop-columns-num=\"3\" data-v-tablet-columns-num=\"2\" data-h-tablet-columns-num=\"3\" data-phone-columns-num=\"1\" data-width=\"0px\" data-columns=\"0\"><div class=\"dt-css-grid\" ><div class=\"visible wf-cell\" data-post-id=\"5320\" data-date=\"2024-06-15T23:28:27+02:00\" data-name=\"Nowa generacja zawodowc\u00f3w w Europie r\u00f3wnych szans.\"><article class=\"post visible post-5320 dt_portfolio type-dt_portfolio status-publish has-post-thumbnail hentry dt_portfolio_category-unia dt_portfolio_category-7\" data-name=\"Nowa generacja zawodowc\u00f3w w Europie r\u00f3wnych szans.\" data-date=\"2024-06-15T23:28:27+02:00\">\n\n<div class=\"post-thumbnail-wrap rollover-active \">\n\t<div class=\"post-thumbnail\">\n\n\t\t<a href=\"https:\/\/te.poznan.pl\/?dt_portfolio=nowa-generacja-zawodowcow-w-europie-rownych-szans\" class=\"post-thumbnail-rollover layzr-bg\" target=\"\"  aria-label=\"Post image\"><img fetchpriority=\"high\" decoding=\"async\" class=\"iso-lazy-load preload-me iso-lazy-load aspect\" src=\"data:image\/svg+xml,%3Csvg%20xmlns%3D&#39;http%3A%2F%2Fwww.w3.org%2F2000%2Fsvg&#39;%20viewBox%3D&#39;0%200%20300%20300&#39;%2F%3E\" data-src=\"https:\/\/te.poznan.pl\/wp-content\/uploads\/2020\/04\/europuente-300x300.jpg\" data-srcset=\"https:\/\/te.poznan.pl\/wp-content\/uploads\/2020\/04\/europuente-300x300.jpg 300w\" loading=\"eager\" style=\"--ratio: 300 \/ 300\" sizes=\"(max-width: 300px) 100vw, 300px\" alt=\"\" title=\"europuente\" width=\"300\" height=\"300\"  \/><\/a><div class=\"project-links-container\"><a href=\"https:\/\/te.poznan.pl\/?dt_portfolio=nowa-generacja-zawodowcow-w-europie-rownych-szans\" target=\"\" class=\"project-details\" aria-label=\"Details link\"><span class=\"icon-portfolio-p205\"><\/span><\/a><\/div>\n\t<\/div>\n<\/div>\n\n\n<div class=\"post-entry-content\">\n\n\t<h3 class=\"entry-title\">\n\t\t<a href=\"https:\/\/te.poznan.pl\/?dt_portfolio=nowa-generacja-zawodowcow-w-europie-rownych-szans\" target=\"\" title=\"Nowa generacja zawodowc\u00f3w w Europie r\u00f3wnych szans.\" rel=\"bookmark\">Nowa generacja zawodowc\u00f3w w Europie r\u00f3wnych szans.<\/a>\n\t<\/h3>\n\n\t<div class=\"entry-meta portfolio-categories\"><a href=\"javascript:void(0);\" title=\"23:28\" class=\"data-link\" rel=\"bookmark\"><time class=\"entry-date updated\" datetime=\"2024-06-15T23:28:27+02:00\">15 czerwca 2024<\/time><\/a><\/div>\n\t\n\t<a class=\"post-details details-type-link\" href=\"https:\/\/te.poznan.pl\/?dt_portfolio=nowa-generacja-zawodowcow-w-europie-rownych-szans\" target=\"\">czytaj wi\u0119cej<i class=\"dt-icon-the7-arrow-03\" aria-hidden=\"true\"><\/i><\/a>\n<\/div><\/article><\/div><div class=\"visible wf-cell\" data-post-id=\"4313\" data-date=\"2023-09-27T13:40:50+02:00\" data-name=\"Wyposa\u017cenie plac\u00f3wek o\u015bwiatowych w nowoczesny sprz\u0119t technologiczny\"><article class=\"post visible post-4313 dt_portfolio type-dt_portfolio status-publish has-post-thumbnail hentry dt_portfolio_category-unia dt_portfolio_category-7\" data-name=\"Wyposa\u017cenie plac\u00f3wek o\u015bwiatowych w nowoczesny sprz\u0119t technologiczny\" data-date=\"2023-09-27T13:40:50+02:00\">\n\n<div class=\"post-thumbnail-wrap rollover-active \">\n\t<div class=\"post-thumbnail\">\n\n\t\t<a href=\"https:\/\/te.poznan.pl\/?dt_portfolio=wyposazenie-placowek-oswiatowych-w-nowoczesny-sprzet-technologiczny\" class=\"post-thumbnail-rollover layzr-bg\" target=\"\"  aria-label=\"Post image\"><img decoding=\"async\" class=\"iso-lazy-load preload-me iso-lazy-load aspect\" src=\"data:image\/svg+xml,%3Csvg%20xmlns%3D&#39;http%3A%2F%2Fwww.w3.org%2F2000%2Fsvg&#39;%20viewBox%3D&#39;0%200%20502%20502&#39;%2F%3E\" data-src=\"https:\/\/te.poznan.pl\/wp-content\/uploads\/2023\/09\/proj-ban-502x502.jpg\" data-srcset=\"https:\/\/te.poznan.pl\/wp-content\/uploads\/2023\/09\/proj-ban-502x502.jpg 502w\" loading=\"eager\" style=\"--ratio: 502 \/ 502\" sizes=\"(max-width: 502px) 100vw, 502px\" alt=\"\" title=\"proj-ban\" width=\"502\" height=\"502\"  \/><\/a><div class=\"project-links-container\"><a href=\"https:\/\/te.poznan.pl\/?dt_portfolio=wyposazenie-placowek-oswiatowych-w-nowoczesny-sprzet-technologiczny\" target=\"\" class=\"project-details\" aria-label=\"Details link\"><span class=\"icon-portfolio-p205\"><\/span><\/a><\/div>\n\t<\/div>\n<\/div>\n\n\n<div class=\"post-entry-content\">\n\n\t<h3 class=\"entry-title\">\n\t\t<a href=\"https:\/\/te.poznan.pl\/?dt_portfolio=wyposazenie-placowek-oswiatowych-w-nowoczesny-sprzet-technologiczny\" target=\"\" title=\"Wyposa\u017cenie plac\u00f3wek o\u015bwiatowych w nowoczesny sprz\u0119t technologiczny\" rel=\"bookmark\">Wyposa\u017cenie plac\u00f3wek o\u015bwiatowych w nowoczesny sprz\u0119t technologiczny<\/a>\n\t<\/h3>\n\n\t<div class=\"entry-meta portfolio-categories\"><a href=\"javascript:void(0);\" title=\"13:40\" class=\"data-link\" rel=\"bookmark\"><time class=\"entry-date updated\" datetime=\"2023-09-27T13:40:50+02:00\">27 wrze\u015bnia 2023<\/time><\/a><\/div>\n\t\n\t<a class=\"post-details details-type-link\" href=\"https:\/\/te.poznan.pl\/?dt_portfolio=wyposazenie-placowek-oswiatowych-w-nowoczesny-sprzet-technologiczny\" target=\"\">czytaj wi\u0119cej<i class=\"dt-icon-the7-arrow-03\" aria-hidden=\"true\"><\/i><\/a>\n<\/div><\/article><\/div><div class=\"visible wf-cell\" data-post-id=\"3501\" data-date=\"2021-10-23T19:04:34+02:00\" data-name=\"Poprawa jako\u015bci procesu kszta\u0142cenia zawodowego prowadzonego w formie zdalnej w TE, OSzW dla dzieci nies\u0142ysz\u0105cych oraz ZSE 2 z terenu miasta Poznania\"><article class=\"post visible no-img post-3501 dt_portfolio type-dt_portfolio status-publish hentry dt_portfolio_category-unia dt_portfolio_category-7\" data-name=\"Poprawa jako\u015bci procesu kszta\u0142cenia zawodowego prowadzonego w formie zdalnej w TE, OSzW dla dzieci nies\u0142ysz\u0105cych oraz ZSE 2 z terenu miasta Poznania\" data-date=\"2021-10-23T19:04:34+02:00\">\n\n<div class=\"post-entry-content\">\n\n\t<h3 class=\"entry-title\">\n\t\t<a href=\"https:\/\/te.poznan.pl\/?dt_portfolio=poprawa-jakosci-procesu-ksztalcenia-zawodowego-prowadzonego-w-formie-zdalnej-w-te\" target=\"\" title=\"Poprawa jako\u015bci procesu kszta\u0142cenia zawodowego prowadzonego w formie zdalnej w TE, OSzW dla dzieci nies\u0142ysz\u0105cych oraz ZSE 2 z terenu miasta Poznania\" rel=\"bookmark\">Poprawa jako\u015bci procesu kszta\u0142cenia zawodowego prowadzonego w formie zdalnej w TE, OSzW dla dzieci nies\u0142ysz\u0105cych oraz ZSE 2 z terenu miasta Poznania<\/a>\n\t<\/h3>\n\n\t<div class=\"entry-meta portfolio-categories\"><a href=\"javascript:void(0);\" title=\"19:04\" class=\"data-link\" rel=\"bookmark\"><time class=\"entry-date updated\" datetime=\"2021-10-23T19:04:34+02:00\">23 pa\u017adziernika 2021<\/time><\/a><\/div>\n\t\n\t<a class=\"post-details details-type-link\" href=\"https:\/\/te.poznan.pl\/?dt_portfolio=poprawa-jakosci-procesu-ksztalcenia-zawodowego-prowadzonego-w-formie-zdalnej-w-te\" target=\"\">czytaj wi\u0119cej<i class=\"dt-icon-the7-arrow-03\" aria-hidden=\"true\"><\/i><\/a>\n<\/div><\/article><\/div><\/div><!-- iso-container|iso-grid --><div class=\"paginator\" role=\"navigation\"><span class=\"nav-prev disabled\">\u2192<\/span><a href=\"https:\/\/te.poznan.pl\/index.php\/?rest_route=%2Fwp%2Fv2%2Fpages%2F903\" class=\"page-numbers act\" data-page-num=\"1\">1<\/a><a href=\"https:\/\/te.poznan.pl\/index.php\/?paged=2&#038;rest_route=%2Fwp%2Fv2%2Fpages%2F903\" class=\"page-numbers \" data-page-num=\"2\">2<\/a><a href=\"https:\/\/te.poznan.pl\/index.php\/?paged=3&#038;rest_route=%2Fwp%2Fv2%2Fpages%2F903\" class=\"page-numbers \" data-page-num=\"3\">3<\/a><a href=\"https:\/\/te.poznan.pl\/index.php\/?paged=2&#038;rest_route=%2Fwp%2Fv2%2Fpages%2F903\" class=\"page-numbers nav-next filter-item\" data-page-num=\"2\" >\u2192<\/a><\/div><\/div>[\/vc_column][\/vc_row]<\/p>\n<\/div>","protected":false},"excerpt":{"rendered":"<p>[vc_row][vc_column][\/vc_column][\/vc_row]<\/p>\n","protected":false},"author":1,"featured_media":0,"parent":0,"menu_order":0,"comment_status":"closed","ping_status":"closed","template":"","meta":{"footnotes":""},"class_list":["post-903","page","type-page","status-publish","hentry","description-off"],"_links":{"self":[{"href":"https:\/\/te.poznan.pl\/index.php?rest_route=\/wp\/v2\/pages\/903","targetHints":{"allow":["GET"]}}],"collection":[{"href":"https:\/\/te.poznan.pl\/index.php?rest_route=\/wp\/v2\/pages"}],"about":[{"href":"https:\/\/te.poznan.pl\/index.php?rest_route=\/wp\/v2\/types\/page"}],"author":[{"embeddable":true,"href":"https:\/\/te.poznan.pl\/index.php?rest_route=\/wp\/v2\/users\/1"}],"replies":[{"embeddable":true,"href":"https:\/\/te.poznan.pl\/index.php?rest_route=%2Fwp%2Fv2%2Fcomments&post=903"}],"version-history":[{"count":5,"href":"https:\/\/te.poznan.pl\/index.php?rest_route=\/wp\/v2\/pages\/903\/revisions"}],"predecessor-version":[{"id":4321,"href":"https:\/\/te.poznan.pl\/index.php?rest_route=\/wp\/v2\/pages\/903\/revisions\/4321"}],"wp:attachment":[{"href":"https:\/\/te.poznan.pl\/index.php?rest_route=%2Fwp%2Fv2%2Fmedia&parent=903"}],"curies":[{"name":"wp","href":"https:\/\/api.w.org\/{rel}","templated":true}]}}