{"id":3,"date":"2020-02-22T07:01:13","date_gmt":"2020-02-22T07:01:13","guid":{"rendered":"http:\/\/mwgarden.wytyk.pl\/?page_id=3"},"modified":"2023-04-21T15:48:58","modified_gmt":"2023-04-21T13:48:58","slug":"polityka-prywatnosci","status":"publish","type":"page","link":"https:\/\/te.poznan.pl\/?page_id=3","title":{"rendered":"Polityka prywatno\u015bci"},"content":{"rendered":"<div class=\"wpb-content-wrapper\"><p>[vc_row][vc_column][vc_custom_heading text=&#8221;Informacja Dotycz\u0105ca Przetwarzania Danych Osobowych&#8221; font_container=&#8221;tag:h3|font_size:24|text_align:center|color:%23005199&#8243; use_theme_fonts=&#8221;yes&#8221;][vc_tta_accordion color=&#8221;sky&#8221; gap=&#8221;1&#8243; c_icon=&#8221;chevron&#8221; active_section=&#8221;1&#8243; collapsible_all=&#8221;true&#8221;][vc_tta_section title=&#8221;INSPEKTOR DANYCH OSOBOWYCH || IZABELA MALINOWSKA-SZABOWSKA&#8221; tab_id=&#8221;1587374144220-f61d85d2-a093&#8243;]<div class=\" ubtn-ctn-left \"><a class=\"ubtn-link ult-adjust-bottom-margin ubtn-left ubtn-block \" href=\"mailto:iod6_oswiata@um.poznan.pl\" ><button type=\"button\" id=\"ubtn-1696\"  class=\"ubtn ult-adjust-bottom-margin ult-responsive ubtn-block ubtn-no-hover-bg  none  ubtn-left   tooltip-69dcf3f531ba8 ubtn-block\"  data-hover=\"\" data-border-color=\"\" data-bg=\"#6193bf\" data-hover-bg=\"#1e73be\" data-border-hover=\"\" data-shadow-hover=\"\" data-shadow-click=\"none\" data-shadow=\"\" data-shd-shadow=\"\"  data-ultimate-target='#ubtn-1696'  data-responsive-json-new='{\"font-size\":\"desktop:30px;\",\"line-height\":\"\"}'  style=\"font-weight:normal;border:none;background: #6193bf;color: #000000;\"><span class=\"ubtn-hover\" style=\"background-color:#1e73be\"><\/span><span class=\"ubtn-data ubtn-text \" >wy\u015blij wiadomo\u015b\u0107<\/span><\/button><\/a><\/div>[\/vc_tta_section][vc_tta_section title=&#8221;KLAUZULA INFORMACYJNA OG\u00d3LNA&#8221; tab_id=&#8221;1587374144249-70457b69-a9fe&#8221;][vc_column_text]<\/p>\r\n<div id=\"wppdfemb-frame-container-2\"><iframe id=\"wppdf-emb-iframe-2\" scrolling=\"no\" data-pdf-index=\"2\" class=\"pdfembed-iframe nonfullscreen\" style=\"border: none; width:100%; max-width: 100%; min-height: 1000px;\" src=\"https:\/\/te.poznan.pl?url=https%3A%2F%2Fte.poznan.pl%2Fwp-content%2Fuploads%2F2023%2F04%2FKlauzula-informacyjna-ogolna.pdf&title=Klauzula-informacyjna-og%C3%B3lna&pdfID=2&index=2\" ><\/iframe><\/div>\r\n<p>[\/vc_column_text][\/vc_tta_section][vc_tta_section title=&#8221;KLAUZULA INFORMACYJNA OG\u00d3LNA &#8211; UCZNIOWIE PE\u0141NOLETNI&#8221; tab_id=&#8221;1587374925607-5ca5e3ff-79f5&#8243;][vc_column_text]<\/p>\r\n<div id=\"wppdfemb-frame-container-3\"><iframe id=\"wppdf-emb-iframe-3\" scrolling=\"no\" data-pdf-index=\"3\" class=\"pdfembed-iframe nonfullscreen\" style=\"border: none; width:100%; max-width: 100%; min-height: 1000px;\" src=\"https:\/\/te.poznan.pl?url=https%3A%2F%2Fte.poznan.pl%2Fwp-content%2Fuploads%2F2023%2F04%2FKlauzula-informacyjna-ogolna-uczniowie-pelnoletni.pdf&title=Klauzula-informacyjna-og%C3%B3lna-uczniowie-pe%C5%82noletni&pdfID=3&index=3\" ><\/iframe><\/div>\r\n<p>[\/vc_column_text][\/vc_tta_section][vc_tta_section title=&#8221;KLAUZULA INFORMACYJNA &#8211; WIZERUNEK STRONY WWW&#8221; tab_id=&#8221;1587374998308-028d73d5-ac66&#8243;][vc_column_text]<\/p>\r\n<div id=\"wppdfemb-frame-container-4\"><iframe id=\"wppdf-emb-iframe-4\" scrolling=\"no\" data-pdf-index=\"4\" class=\"pdfembed-iframe nonfullscreen\" style=\"border: none; width:100%; max-width: 100%; min-height: 1000px;\" src=\"https:\/\/te.poznan.pl?url=https%3A%2F%2Fte.poznan.pl%2Fwp-content%2Fuploads%2F2020%2F04%2FKlauzula-informacyjna-wizerunek-strony-www.pdf&title=Klauzula+informacyjna+-+wizerunek+strony+www&toolbar=top&toolbarfixed=on&0=width%3D%22max&pdfID=4&index=4\" ><\/iframe><\/div>\r\n<p>[\/vc_column_text][\/vc_tta_section][vc_tta_section title=&#8221;KLAUZULA INFORMACYJNA &#8211; MONITORING WIZYJNY EWIDENCJA WEJ\u015a\u0106 NA TEREN OBIEKTU&#8221; tab_id=&#8221;1587375290252-995beaa0-9c7e&#8221;][vc_column_text]<\/p>\r\n<div id=\"wppdfemb-frame-container-5\"><iframe id=\"wppdf-emb-iframe-5\" scrolling=\"no\" data-pdf-index=\"5\" class=\"pdfembed-iframe nonfullscreen\" style=\"border: none; width:100%; max-width: 100%; min-height: 1000px;\" src=\"https:\/\/te.poznan.pl?url=https%3A%2F%2Fte.poznan.pl%2Fwp-content%2Fuploads%2F2023%2F04%2FKlauzula-informacyjna-monitoring-wizyjny-ewidencja-wejsc-na-teren-obiektu.pdf&title=Klauzula-informacyjna-monitoring-wizyjny-ewidencja-wej%C5%9B%C4%87-na-teren-obiektu&pdfID=5&index=5\" ><\/iframe><\/div>\r\n<p>[\/vc_column_text][\/vc_tta_section][vc_tta_section title=&#8221;KLAUZULA INFORMACYJNA &#8211; KONTRAHENCI&#8221; tab_id=&#8221;1587375465190-0d1d20b3-6a1d&#8221;][vc_column_text]<\/p>\r\n<div id=\"wppdfemb-frame-container-6\"><iframe id=\"wppdf-emb-iframe-6\" scrolling=\"no\" data-pdf-index=\"6\" class=\"pdfembed-iframe nonfullscreen\" style=\"border: none; width:100%; max-width: 100%; min-height: 1000px;\" src=\"https:\/\/te.poznan.pl?url=https%3A%2F%2Fte.poznan.pl%2Fwp-content%2Fuploads%2F2020%2F04%2FKlauzula-informacyjna-kontrahenci.pdf&title=Klauzula+informacyjna+-+kontrahenci&toolbar=top&toolbarfixed=on&0=width%3D%22max&pdfID=6&index=6\" ><\/iframe><\/div>\r\n<p>[\/vc_column_text][\/vc_tta_section][vc_tta_section title=&#8221;R E G U L A M I N funkcjonowania monitoringu wizyjnego&#8221; tab_id=&#8221;1594717872028-58a70635-10ce&#8221;][vc_column_text]<\/p>\r\n<div id=\"wppdfemb-frame-container-7\"><iframe id=\"wppdf-emb-iframe-7\" scrolling=\"no\" data-pdf-index=\"7\" class=\"pdfembed-iframe nonfullscreen\" style=\"border: none; width:100%; max-width: 100%; min-height: 1000px;\" src=\"https:\/\/te.poznan.pl?url=https%3A%2F%2Fte.poznan.pl%2Fwp-content%2Fuploads%2F2020%2F07%2FRegulamin-monitoringu-wizyjnego-dla-m.j.o_.pdf&title=Regulamin+monitoringu+wizyjnego+dla+m.j.o_&toolbar=top&toolbarfixed=on&0=width%3D%22max&pdfID=7&index=7\" ><\/iframe><\/div>\r\n<p>[\/vc_column_text][\/vc_tta_section][vc_tta_section title=&#8221;Deklaracje zg\u00f3d na przetwarzanie danych kandydata innych ni\u017c wymagane post\u0119powaniem rekrutacyjnym oraz na potrzeb\u0119 kolejnych rekrutacji&#8221; tab_id=&#8221;1620319484641-95485637-2957&#8243;][vc_column_text]<\/p>\r\n<div id=\"wppdfemb-frame-container-8\"><iframe id=\"wppdf-emb-iframe-8\" scrolling=\"no\" data-pdf-index=\"8\" class=\"pdfembed-iframe nonfullscreen\" style=\"border: none; width:100%; max-width: 100%; min-height: 1000px;\" src=\"https:\/\/te.poznan.pl?url=https%3A%2F%2Fte.poznan.pl%2Fwp-content%2Fuploads%2F2021%2F05%2FDeklaracje-zgod-na-przetwarzanie-danych-kandydata-dodatkowych-i-na-potrzebe-przyszlych-rekrutacji.pdf&title=Deklaracje+zg%C3%B3d+na+przetwarzanie+danych+kandydata+%28dodatkowych+i+na+potrzeb%C4%99+przysz%C5%82ych+rekrutacji%29&toolbar=top&toolbarfixed=on&0=width%3D%22max&pdfID=8&index=8\" ><\/iframe><\/div>\r\n<p>[\/vc_column_text][\/vc_tta_section][vc_tta_section title=&#8221;Klauzula informacyjna dla kandydat\u00f3w do pracy na stanowiska niepedagogiczne&#8221; tab_id=&#8221;1620319605961-7429e9ff-d019&#8243;][vc_column_text]<\/p>\r\n<div id=\"wppdfemb-frame-container-9\"><iframe id=\"wppdf-emb-iframe-9\" scrolling=\"no\" data-pdf-index=\"9\" class=\"pdfembed-iframe nonfullscreen\" style=\"border: none; width:100%; max-width: 100%; min-height: 1000px;\" src=\"https:\/\/te.poznan.pl?url=https%3A%2F%2Fte.poznan.pl%2Fwp-content%2Fuploads%2F2021%2F05%2FKlauzula-informacyjna-dla-kandydatow-do-pracy-na-stanowiska-niepedagogiczne.pdf&title=Klauzula+informacyjna+dla+kandydat%C3%B3w+do+pracy+na+stanowiska+niepedagogiczne&toolbar=top&toolbarfixed=on&0=width%3D%22max&pdfID=9&index=9\" ><\/iframe><\/div>\r\n<p>[\/vc_column_text][\/vc_tta_section][vc_tta_section title=&#8221;Klauzula informacyjna dla kandydat\u00f3w do pracy na stanowiska pedagogiczne&#8221; tab_id=&#8221;1620319689673-79408e7c-2c22&#8243;][vc_column_text]<\/p>\r\n<div id=\"wppdfemb-frame-container-10\"><iframe id=\"wppdf-emb-iframe-10\" scrolling=\"no\" data-pdf-index=\"10\" class=\"pdfembed-iframe nonfullscreen\" style=\"border: none; width:100%; max-width: 100%; min-height: 1000px;\" src=\"https:\/\/te.poznan.pl?url=https%3A%2F%2Fte.poznan.pl%2Fwp-content%2Fuploads%2F2021%2F05%2FKlauzula-informacyjna-dla-kandydatow-do-pracy-na-stanowiska-pedagogiczne.pdf&title=Klauzula+informacyjna+dla+kandydat%C3%B3w+do+pracy+na+stanowiska+pedagogiczne&toolbar=top&toolbarfixed=on&0=width%3D%22max&pdfID=10&index=10\" ><\/iframe><\/div>\r\n<p>[\/vc_column_text][\/vc_tta_section][\/vc_tta_accordion][vc_column_text]<\/p>\r\n<h4><span style=\"font-size: 12pt;\">Kim jeste\u015bmy<\/span><\/h4>\r\n<!-- \/wp:heading -->\r\n<p><!-- wp:paragraph -->Adres naszej strony internetowej to: https:\/\/te.poznan.pl<\/p>\r\n<!-- wp:heading -->\r\n<h4><span style=\"font-size: 14pt;\">Jakie dane osobiste zbieramy i dlaczego je zbieramy?<\/span><\/h4>\r\n<h4><!-- \/wp:heading --><\/h4>\r\n<!-- wp:heading {\"level\":3} -->\r\n<h4><span style=\"font-size: 12pt;\">Media<\/span><\/h4>\r\n<!-- \/wp:heading -->\r\n<p><!-- wp:paragraph -->Je\u015bli jeste\u015b zarejestrowanym u\u017cytkownikiem i wgrywasz na witryn\u0119 obrazki, powiniene\u015b unika\u0107 przesy\u0142ania obrazk\u00f3w z tagami EXIF lokalizacji. Odwiedzaj\u0105cy stron\u0119 mog\u0105 pobra\u0107 i odczyta\u0107 pe\u0142ne dane lokalizacyjne z obrazk\u00f3w w witrynie.<\/p>\r\n<!-- wp:heading {\"level\":3} -->\r\n<h4><span style=\"font-size: 12pt;\">Formularze kontaktowe<\/span><\/h4>\r\n<p>Twoje dane nie s\u0105 zapisywane na serwerze i w \u017cadnym wypadku nie s\u0105 udost\u0119pniane podmiotom trzecim.<\/p>\r\n<h4><span style=\"font-size: 14pt;\"><!-- \/wp:heading --><\/span><\/h4>\r\n<!-- wp:heading {\"level\":3} -->\r\n<h4><span style=\"font-size: 12pt;\">Analiza statystyk<\/span><\/h4>\r\n<p>W celu poprawy jako\u015bci naszego przekazu analizujemy ruch na witrynie, dane te jednak s\u0105 zanonimizowane i s\u0142u\u017c\u0105 jedynie do sprawdzania zasi\u0119gu dzia\u0142ania witryny<\/p>\r\n<h4><span style=\"font-size: 14pt;\"><!-- \/wp:heading --><\/span><\/h4>\r\n<!-- wp:heading -->\r\n<h4><span style=\"font-size: 12pt;\">Z kim dzielimy si\u0119 danymi<\/span><\/h4>\r\n<p>Dost\u0119p do danych logowania ma administrator us\u0142ugi oraz uprawnione organy na podstawie wyra\u017anego nakazu s\u0105dowego<\/p>\r\n<h4><span style=\"font-size: 14pt;\"><!-- \/wp:heading --><\/span><\/h4>\r\n<!-- wp:heading -->\r\n<h4><span style=\"font-size: 12pt;\">Jak d\u0142ugo przechowujemy twoje dane<\/span><\/h4>\r\n<!-- \/wp:heading -->\r\n<p><!-- wp:paragraph -->Dla u\u017cytkownik\u00f3w kt\u00f3rzy zarejestrowali si\u0119 na naszej stronie internetowej (je\u015bli tacy s\u0105), przechowujemy r\u00f3wnie\u017c informacje osobiste wprowadzone w profilu. Ka\u017cdy u\u017cytkownik mo\u017ce dokona\u0107 wgl\u0105du, korekty albo skasowa\u0107 swoje informacje osobiste w dowolnej chwili (nie licz\u0105c nazwy u\u017cytkownika, kt\u00f3rej nie mo\u017cna zmieni\u0107). Administratorzy strony r\u00f3wnie\u017c mog\u0105 przegl\u0105da\u0107 i modyfikowa\u0107 te informacje.<\/p>\r\n<!-- wp:heading -->\r\n<h4><span style=\"font-size: 12pt;\">Jakie masz prawa do swoich danych<\/span><\/h4>\r\n<!-- \/wp:heading -->\r\n<p><!-- wp:paragraph -->Je\u015bli masz konto u\u017cytkownika albo doda\u0142e\u015b komentarze w tej witrynie, mo\u017cesz za\u017c\u0105da\u0107 dostarczenia pliku z wyeksportowanym kompletem twoich danych osobistych b\u0119d\u0105cych w naszym posiadaniu, w tym ca\u0142o\u015b\u0107 tych dostarczonych przez ciebie. Mo\u017cesz r\u00f3wnie\u017c za\u017c\u0105da\u0107 usuni\u0119cia przez nas ca\u0142o\u015bci twoich danych osobistych w naszym posiadaniu. Nie dotyczy to \u017cadnych danych kt\u00f3re jeste\u015bmy zobligowani zachowa\u0107 ze wzgl\u0119d\u00f3w administracyjnych, prawnych albo bezpiecze\u0144stwa.<\/p>\r\n<!-- wp:heading -->\r\n<h4><span style=\"font-size: 12pt;\">Gdzie przesy\u0142amy dane<\/span><\/h4>\r\n<!-- \/wp:heading -->\r\n<p><!-- wp:paragraph -->Aktywno\u015bci go\u015bci mog\u0105 by\u0107 sprawdzane za pomoc\u0105 automatycznej us\u0142ugi wykrywania spamu.<\/p>\r\n<!-- wp:heading -->\r\n<h4><span style=\"font-size: 12pt;\">Twoje dane kontaktowe<\/span><\/h4>\r\n<p>podlegaj\u0105 ca\u0142kowitej ochronie zgodnie z ustaw\u0105 o ochronie danych osobowych.<!-- \/wp:heading --><\/p>\r\n<h4><!-- \/wp:heading --><\/h4>\r\n<!-- wp:heading {\"level\":3} -->\r\n<h4><span style=\"font-size: 12pt;\">Jak chronimy twoje dane?<\/span><\/h4>\r\n<p>Szyfrowane po\u0142\u0105czenie jest gwarantem bezpiecze\u0144stwa i uniemo\u017cliwia kradzie\u017c Twoich danych<\/p>\r\n<h4><!-- \/wp:heading --><\/h4>\r\n<!-- wp:heading {\"level\":3} -->\r\n<h4><!-- \/wp:heading --><\/h4>\r\n<p><!-- wp:heading {\"level\":3} -->[\/vc_column_text][\/vc_column][\/vc_row]<\/p><\/div>","protected":false},"excerpt":{"rendered":"<p>[vc_row][vc_column][vc_custom_heading text=&#8221;Informacja Dotycz\u0105ca Przetwarzania Danych Osobowych&#8221; font_container=&#8221;tag:h3|font_size:24|text_align:center|color:%23005199&#8243; use_theme_fonts=&#8221;yes&#8221;][vc_tta_accordion color=&#8221;sky&#8221; gap=&#8221;1&#8243; c_icon=&#8221;chevron&#8221; active_section=&#8221;1&#8243; collapsible_all=&#8221;true&#8221;][vc_tta_section title=&#8221;INSPEKTOR DANYCH OSOBOWYCH || IZABELA MALINOWSKA-SZABOWSKA&#8221; tab_id=&#8221;1587374144220-f61d85d2-a093&#8243;][\/vc_tta_section][vc_tta_section title=&#8221;KLAUZULA INFORMACYJNA OG\u00d3LNA&#8221; tab_id=&#8221;1587374144249-70457b69-a9fe&#8221;][vc_column_text] [\/vc_column_text][\/vc_tta_section][vc_tta_section title=&#8221;KLAUZULA INFORMACYJNA OG\u00d3LNA &#8211; UCZNIOWIE PE\u0141NOLETNI&#8221; tab_id=&#8221;1587374925607-5ca5e3ff-79f5&#8243;][vc_column_text] [\/vc_column_text][\/vc_tta_section][vc_tta_section title=&#8221;KLAUZULA INFORMACYJNA &#8211; WIZERUNEK STRONY WWW&#8221; tab_id=&#8221;1587374998308-028d73d5-ac66&#8243;][vc_column_text] [\/vc_column_text][\/vc_tta_section][vc_tta_section title=&#8221;KLAUZULA INFORMACYJNA &#8211; MONITORING WIZYJNY EWIDENCJA WEJ\u015a\u0106 NA TEREN OBIEKTU&#8221; tab_id=&#8221;1587375290252-995beaa0-9c7e&#8221;][vc_column_text] [\/vc_column_text][\/vc_tta_section][vc_tta_section title=&#8221;KLAUZULA INFORMACYJNA&hellip;<\/p>\n","protected":false},"author":1,"featured_media":0,"parent":0,"menu_order":0,"comment_status":"closed","ping_status":"open","template":"","meta":{"footnotes":""},"class_list":["post-3","page","type-page","status-publish","hentry","description-off"],"_links":{"self":[{"href":"https:\/\/te.poznan.pl\/index.php?rest_route=\/wp\/v2\/pages\/3","targetHints":{"allow":["GET"]}}],"collection":[{"href":"https:\/\/te.poznan.pl\/index.php?rest_route=\/wp\/v2\/pages"}],"about":[{"href":"https:\/\/te.poznan.pl\/index.php?rest_route=\/wp\/v2\/types\/page"}],"author":[{"embeddable":true,"href":"https:\/\/te.poznan.pl\/index.php?rest_route=\/wp\/v2\/users\/1"}],"replies":[{"embeddable":true,"href":"https:\/\/te.poznan.pl\/index.php?rest_route=%2Fwp%2Fv2%2Fcomments&post=3"}],"version-history":[{"count":14,"href":"https:\/\/te.poznan.pl\/index.php?rest_route=\/wp\/v2\/pages\/3\/revisions"}],"predecessor-version":[{"id":1652,"href":"https:\/\/te.poznan.pl\/index.php?rest_route=\/wp\/v2\/pages\/3\/revisions\/1652"}],"wp:attachment":[{"href":"https:\/\/te.poznan.pl\/index.php?rest_route=%2Fwp%2Fv2%2Fmedia&parent=3"}],"curies":[{"name":"wp","href":"https:\/\/api.w.org\/{rel}","templated":true}]}}