{"id":2773,"date":"2021-09-19T18:36:29","date_gmt":"2021-09-19T16:36:29","guid":{"rendered":"https:\/\/te.poznan.pl\/?page_id=2773"},"modified":"2024-02-28T10:44:44","modified_gmt":"2024-02-28T09:44:44","slug":"pielegniarka-szkolna","status":"publish","type":"page","link":"https:\/\/te.poznan.pl\/?page_id=2773","title":{"rendered":"Piel\u0119gniarka Szkolna"},"content":{"rendered":"<div class=\"wpb-content-wrapper\"><p>[vc_row][vc_column width=&#8221;1\/2&#8243;]<style type=\"text\/css\" data-type=\"the7_shortcodes-inline-css\">.shortcode-single-image-wrap.shortcode-single-image-927a2e52c0f37f817f24412a9c157dec.enable-bg-rollover .rollover i,\n.shortcode-single-image-wrap.shortcode-single-image-927a2e52c0f37f817f24412a9c157dec.enable-bg-rollover .rollover-video i {\n  background: -webkit-linear-gradient();\n  background: linear-gradient();\n}\n.shortcode-single-image-wrap.shortcode-single-image-927a2e52c0f37f817f24412a9c157dec .rollover-icon {\n  font-size: 32px;\n  color: #ffffff;\n  min-width: 44px;\n  min-height: 44px;\n  line-height: 44px;\n  border-radius: 100px;\n  border-style: solid;\n  border-width: 0px;\n}\n.dt-icon-bg-on.shortcode-single-image-wrap.shortcode-single-image-927a2e52c0f37f817f24412a9c157dec .rollover-icon {\n  background: rgba(255,255,255,0.3);\n  box-shadow: none;\n}\n<\/style><div class=\"shortcode-single-image-wrap shortcode-single-image-927a2e52c0f37f817f24412a9c157dec alignnone  enable-bg-rollover dt-icon-bg-off\" style=\"margin-top:0px; margin-bottom:0px; margin-left:0px; margin-right:0px; width:500px;\" data-pretty-share=\"facebook,twitter,linkedin,pinterest,whatsapp\"><div class=\"shortcode-single-image\"><div class=\"fancy-media-wrap  layzr-bg\" style=\"\"><img fetchpriority=\"high\" decoding=\"async\" class=\"preload-me lazy-load aspect\" src=\"data:image\/svg+xml,%3Csvg%20xmlns%3D&#39;http%3A%2F%2Fwww.w3.org%2F2000%2Fsvg&#39;%20viewBox%3D&#39;0%200%20500%20474&#39;%2F%3E\" data-src=\"https:\/\/te.poznan.pl\/wp-content\/uploads\/2020\/04\/monika-bogajczyk-500x474.jpg\" data-srcset=\"https:\/\/te.poznan.pl\/wp-content\/uploads\/2020\/04\/monika-bogajczyk-500x474.jpg 500w, https:\/\/te.poznan.pl\/wp-content\/uploads\/2020\/04\/monika-bogajczyk.jpg 527w\" loading=\"eager\" sizes=\"(max-width: 500px) 100vw, 500px\" width=\"500\" height=\"474\"  data-dt-location=\"https:\/\/te.poznan.pl\/?attachment_id=1313\" style=\"--ratio: 500 \/ 474;\" alt=\"\" \/><\/div><\/div><\/div>[\/vc_column][vc_column width=&#8221;1\/2&#8243;][vc_custom_heading text=&#8221;godziny przyj\u0119\u0107:&#8221; google_fonts=&#8221;font_family:Open%20Sans%3A300%2C300italic%2Cregular%2Citalic%2C600%2C600italic%2C700%2C700italic%2C800%2C800italic|font_style:600%20bold%20regular%3A600%3Anormal&#8221; css=&#8221;.vc_custom_1632070675823{margin-bottom: 15px !important;}&#8221;]<div class=\"standard-arrow list-divider bullet-top\"><ul>\n<li>poniedzia\u0142ek 7.10-14.45<\/li>\n<li>wtorek 7.10-14.45<\/li>\n<li>\u015broda 7.10-14.45<\/li>\n<li>czwartek &#8211; nieczynne<\/li>\n<li>pi\u0105tek 7.10-14.45<\/li>\n<\/ul>\n<\/div>[vc_column_text css=&#8221;.vc_custom_1632069836452{border-top-width: 1px !important;border-top-color: #707070 !important;border-top-style: solid !important;}&#8221;]Uczniowie, kt\u00f3rzy zmienili dane osobowe np. adres lub inne proszeni s\u0105 o wype\u0142nienie druku i dostarczenie do piel\u0119gniarki szkolnej.<\/p>\n<p>Uczniowie z orzeczon\u0105 niepe\u0142nosprawno\u015bci\u0105 lub chorobami przewlek\u0142ymi r\u00f3wnie\u017c proszeni s\u0105 o wype\u0142nienie stosownego druku .<\/p>\n<p>Osobom niepe\u0142noletnim dokumenty podpisuj\u0105 rodzice\/opiekunowie[\/vc_column_text][\/vc_column][\/vc_row][vc_row css=&#8221;.vc_custom_1632070384881{margin-top: 20px !important;margin-bottom: 20px !important;}&#8221;][vc_column width=&#8221;1\/2&#8243;]<style type=\"text\/css\" data-type=\"the7_shortcodes-inline-css\">.icon-with-text-shortcode.icon-text-id-06f8ff2f0ddcc453656698a988e97eac .text-icon {\n  width: 60px;\n  height: 60px;\n  line-height: 60px;\n  font-size: 32px;\n  border-radius: 200px;\n  margin: 0px 0px 0px 0px;\n}\n.icon-with-text-shortcode.icon-text-id-06f8ff2f0ddcc453656698a988e97eac .text-icon .icon-inner {\n  min-width: 60px;\n  min-height: 60px;\n  border-radius: 200px;\n}\n@media all and (-ms-high-contrast: none) {\n  .icon-with-text-shortcode.icon-text-id-06f8ff2f0ddcc453656698a988e97eac .text-icon .icon-inner {\n    height: 60px;\n  }\n}\n.icon-with-text-shortcode.icon-text-id-06f8ff2f0ddcc453656698a988e97eac .text-icon .dt-hover-icon {\n  line-height: 60px;\n}\n.icon-with-text-shortcode.icon-text-id-06f8ff2f0ddcc453656698a988e97eac .text-icon:before,\n.icon-with-text-shortcode.icon-text-id-06f8ff2f0ddcc453656698a988e97eac .text-icon:after,\n.icon-with-text-shortcode.icon-text-id-06f8ff2f0ddcc453656698a988e97eac .text-icon .icon-inner:before,\n.icon-with-text-shortcode.icon-text-id-06f8ff2f0ddcc453656698a988e97eac .text-icon .icon-inner:after {\n  min-width: 100%;\n  min-height: 100%;\n  padding: inherit;\n  border-radius: inherit;\n}\n.icon-with-text-shortcode.icon-text-id-06f8ff2f0ddcc453656698a988e97eac .text-icon.dt-icon-border-on:before {\n  border-width: 2px;\n  border-style: solid;\n}\n.dt-icon-border-dashed.icon-with-text-shortcode.icon-text-id-06f8ff2f0ddcc453656698a988e97eac .text-icon.dt-icon-border-on:before {\n  border-style: dashed;\n}\n.dt-icon-border-dotted.icon-with-text-shortcode.icon-text-id-06f8ff2f0ddcc453656698a988e97eac .text-icon.dt-icon-border-on:before {\n  border-style: dotted;\n}\n.dt-icon-border-double.icon-with-text-shortcode.icon-text-id-06f8ff2f0ddcc453656698a988e97eac .text-icon.dt-icon-border-on:before {\n  border-style: double;\n}\n.icon-with-text-shortcode.icon-text-id-06f8ff2f0ddcc453656698a988e97eac .text-icon.dt-icon-border-dashed.dt-icon-border-on:before {\n  border-style: dashed;\n}\n.icon-with-text-shortcode.icon-text-id-06f8ff2f0ddcc453656698a988e97eac .text-icon.dt-icon-border-dotted.dt-icon-border-on:before {\n  border-style: dotted;\n}\n.icon-with-text-shortcode.icon-text-id-06f8ff2f0ddcc453656698a988e97eac .text-icon.dt-icon-border-double.dt-icon-border-on:before {\n  border-style: double;\n}\n.icon-with-text-shortcode.icon-text-id-06f8ff2f0ddcc453656698a988e97eac .text-icon.dt-icon-hover-border-on:after {\n  border-width: 2px;\n  border-style: solid;\n}\n.icon-with-text-shortcode.icon-text-id-06f8ff2f0ddcc453656698a988e97eac .text-icon.dt-icon-border-dashed.dt-icon-hover-border-on:after {\n  border-style: dashed;\n}\n.icon-with-text-shortcode.icon-text-id-06f8ff2f0ddcc453656698a988e97eac .text-icon.dt-icon-border-dotted.dt-icon-hover-border-on:after {\n  border-style: dotted;\n}\n.icon-with-text-shortcode.icon-text-id-06f8ff2f0ddcc453656698a988e97eac .text-icon.dt-icon-border-double.dt-icon-hover-border-on:after {\n  border-style: double;\n}\n.icon-with-text-shortcode.icon-text-id-06f8ff2f0ddcc453656698a988e97eac .text-icon.dt-icon-hover-on:hover {\n  font-size: 32px;\n}\n#page .icon-with-text-shortcode.icon-text-id-06f8ff2f0ddcc453656698a988e97eac .text-icon.dt-icon-hover-on:hover .soc-font-icon,\n#phantom .icon-with-text-shortcode.icon-text-id-06f8ff2f0ddcc453656698a988e97eac .text-icon.dt-icon-hover-on:hover .soc-font-icon,\n#page .icon-with-text-shortcode.icon-text-id-06f8ff2f0ddcc453656698a988e97eac .text-icon.dt-icon-hover-on:hover .soc-icon,\n#phantom .icon-with-text-shortcode.icon-text-id-06f8ff2f0ddcc453656698a988e97eac .text-icon.dt-icon-hover-on:hover .soc-icon {\n  color: #fff;\n  background: none;\n}\n#page .icon-with-text-shortcode.icon-text-id-06f8ff2f0ddcc453656698a988e97eac .text-icon.dt-icon-hover-on:not(:hover) .soc-font-icon,\n#phantom .icon-with-text-shortcode.icon-text-id-06f8ff2f0ddcc453656698a988e97eac .text-icon.dt-icon-hover-on:not(:hover) .soc-font-icon,\n#page .icon-with-text-shortcode.icon-text-id-06f8ff2f0ddcc453656698a988e97eac .text-icon.dt-icon-hover-on:not(:hover) .soc-icon,\n#phantom .icon-with-text-shortcode.icon-text-id-06f8ff2f0ddcc453656698a988e97eac .text-icon.dt-icon-hover-on:not(:hover) .soc-icon,\n#page .icon-with-text-shortcode.icon-text-id-06f8ff2f0ddcc453656698a988e97eac .text-icon.dt-icon-hover-off .soc-font-icon,\n#phantom .icon-with-text-shortcode.icon-text-id-06f8ff2f0ddcc453656698a988e97eac .text-icon.dt-icon-hover-off .soc-font-icon,\n#page .icon-with-text-shortcode.icon-text-id-06f8ff2f0ddcc453656698a988e97eac .text-icon.dt-icon-hover-off .soc-icon,\n#phantom .icon-with-text-shortcode.icon-text-id-06f8ff2f0ddcc453656698a988e97eac .text-icon.dt-icon-hover-off .soc-icon {\n  color: #ffffff;\n  background: none;\n}\n.icon-with-text-shortcode.icon-text-id-06f8ff2f0ddcc453656698a988e97eac.layout-1 {\n  grid-template-columns: 60px minmax(0,1fr);\n  grid-column-gap: 0px;\n}\n.icon-with-text-shortcode.icon-text-id-06f8ff2f0ddcc453656698a988e97eac.layout-2 {\n  grid-template-columns: minmax(0,1fr) 60px;\n  grid-column-gap: 0px;\n}\n.icon-with-text-shortcode.icon-text-id-06f8ff2f0ddcc453656698a988e97eac.layout-2 .text-icon {\n  margin-left: 0;\n}\n.icon-with-text-shortcode.icon-text-id-06f8ff2f0ddcc453656698a988e97eac.layout-3 {\n  grid-template-columns: 60px minmax(0,1fr);\n}\n.icon-with-text-shortcode.icon-text-id-06f8ff2f0ddcc453656698a988e97eac.layout-3 .dt-text-title {\n  margin-left: 0px;\n}\n.icon-with-text-shortcode.icon-text-id-06f8ff2f0ddcc453656698a988e97eac .dt-text-title,\n.icon-with-text-shortcode.icon-text-id-06f8ff2f0ddcc453656698a988e97eac .dt-text-title a {\n  font-weight: bold;\n}\n.icon-with-text-shortcode.icon-text-id-06f8ff2f0ddcc453656698a988e97eac .dt-text-title {\n  margin-bottom: 0px;\n}\n.icon-with-text-shortcode.icon-text-id-06f8ff2f0ddcc453656698a988e97eac .dt-text-desc {\n  margin-bottom: 0px;\n}\n<\/style><div class=\"icon-with-text-shortcode  icon-text-id-06f8ff2f0ddcc453656698a988e97eac layout-5  \" ><a class=\"block-link anchor-link\"  href=\"https:\/\/energetyk.edu.pl\/wp-content\/uploads\/2021\/09\/karta-wywiadu-zdrowotnego.pdf\" target=\"_blank\"><\/a><a href=\"https:\/\/energetyk.edu.pl\/wp-content\/uploads\/2021\/09\/karta-wywiadu-zdrowotnego.pdf\" target=\"_blank\" class=\"anchor-link text-icon dt-icon-bg-on dt-icon-hover-off\"><span class=\"icon-inner\"><i class=\"dt-regular-icon soc-icon Defaults-file-pdf-o\"><\/i><i class=\"dt-hover-icon soc-icon Defaults-file-pdf-o\"><\/i><\/span><\/a><h4 class=\"dt-text-title anchor-link\"><a class=\"anchor-link\"  href=\"https:\/\/energetyk.edu.pl\/wp-content\/uploads\/2021\/09\/karta-wywiadu-zdrowotnego.pdf\" target=\"_blank\">Karta wywiadu zdrowotnego<\/a><\/h4><div class=\"dt-text-desc\">pobierz<\/div><\/div>[\/vc_column][vc_column width=&#8221;1\/2&#8243;]<style type=\"text\/css\" data-type=\"the7_shortcodes-inline-css\">.icon-with-text-shortcode.icon-text-id-9be608c2e2c39c1b79b2d98c34a7ab8d .text-icon {\n  width: 60px;\n  height: 60px;\n  line-height: 60px;\n  font-size: 32px;\n  border-radius: 200px;\n  margin: 0px 0px 0px 0px;\n}\n.icon-with-text-shortcode.icon-text-id-9be608c2e2c39c1b79b2d98c34a7ab8d .text-icon .icon-inner {\n  min-width: 60px;\n  min-height: 60px;\n  border-radius: 200px;\n}\n@media all and (-ms-high-contrast: none) {\n  .icon-with-text-shortcode.icon-text-id-9be608c2e2c39c1b79b2d98c34a7ab8d .text-icon .icon-inner {\n    height: 60px;\n  }\n}\n.icon-with-text-shortcode.icon-text-id-9be608c2e2c39c1b79b2d98c34a7ab8d .text-icon .dt-hover-icon {\n  line-height: 60px;\n}\n.icon-with-text-shortcode.icon-text-id-9be608c2e2c39c1b79b2d98c34a7ab8d .text-icon:before,\n.icon-with-text-shortcode.icon-text-id-9be608c2e2c39c1b79b2d98c34a7ab8d .text-icon:after,\n.icon-with-text-shortcode.icon-text-id-9be608c2e2c39c1b79b2d98c34a7ab8d .text-icon .icon-inner:before,\n.icon-with-text-shortcode.icon-text-id-9be608c2e2c39c1b79b2d98c34a7ab8d .text-icon .icon-inner:after {\n  min-width: 100%;\n  min-height: 100%;\n  padding: inherit;\n  border-radius: inherit;\n}\n.icon-with-text-shortcode.icon-text-id-9be608c2e2c39c1b79b2d98c34a7ab8d .text-icon.dt-icon-border-on:before {\n  border-width: 2px;\n  border-style: solid;\n}\n.dt-icon-border-dashed.icon-with-text-shortcode.icon-text-id-9be608c2e2c39c1b79b2d98c34a7ab8d .text-icon.dt-icon-border-on:before {\n  border-style: dashed;\n}\n.dt-icon-border-dotted.icon-with-text-shortcode.icon-text-id-9be608c2e2c39c1b79b2d98c34a7ab8d .text-icon.dt-icon-border-on:before {\n  border-style: dotted;\n}\n.dt-icon-border-double.icon-with-text-shortcode.icon-text-id-9be608c2e2c39c1b79b2d98c34a7ab8d .text-icon.dt-icon-border-on:before {\n  border-style: double;\n}\n.icon-with-text-shortcode.icon-text-id-9be608c2e2c39c1b79b2d98c34a7ab8d .text-icon.dt-icon-border-dashed.dt-icon-border-on:before {\n  border-style: dashed;\n}\n.icon-with-text-shortcode.icon-text-id-9be608c2e2c39c1b79b2d98c34a7ab8d .text-icon.dt-icon-border-dotted.dt-icon-border-on:before {\n  border-style: dotted;\n}\n.icon-with-text-shortcode.icon-text-id-9be608c2e2c39c1b79b2d98c34a7ab8d .text-icon.dt-icon-border-double.dt-icon-border-on:before {\n  border-style: double;\n}\n.icon-with-text-shortcode.icon-text-id-9be608c2e2c39c1b79b2d98c34a7ab8d .text-icon.dt-icon-hover-border-on:after {\n  border-width: 2px;\n  border-style: solid;\n}\n.icon-with-text-shortcode.icon-text-id-9be608c2e2c39c1b79b2d98c34a7ab8d .text-icon.dt-icon-border-dashed.dt-icon-hover-border-on:after {\n  border-style: dashed;\n}\n.icon-with-text-shortcode.icon-text-id-9be608c2e2c39c1b79b2d98c34a7ab8d .text-icon.dt-icon-border-dotted.dt-icon-hover-border-on:after {\n  border-style: dotted;\n}\n.icon-with-text-shortcode.icon-text-id-9be608c2e2c39c1b79b2d98c34a7ab8d .text-icon.dt-icon-border-double.dt-icon-hover-border-on:after {\n  border-style: double;\n}\n.icon-with-text-shortcode.icon-text-id-9be608c2e2c39c1b79b2d98c34a7ab8d .text-icon.dt-icon-hover-on:hover {\n  font-size: 32px;\n}\n#page .icon-with-text-shortcode.icon-text-id-9be608c2e2c39c1b79b2d98c34a7ab8d .text-icon.dt-icon-hover-on:hover .soc-font-icon,\n#phantom .icon-with-text-shortcode.icon-text-id-9be608c2e2c39c1b79b2d98c34a7ab8d .text-icon.dt-icon-hover-on:hover .soc-font-icon,\n#page .icon-with-text-shortcode.icon-text-id-9be608c2e2c39c1b79b2d98c34a7ab8d .text-icon.dt-icon-hover-on:hover .soc-icon,\n#phantom .icon-with-text-shortcode.icon-text-id-9be608c2e2c39c1b79b2d98c34a7ab8d .text-icon.dt-icon-hover-on:hover .soc-icon {\n  color: #fff;\n  background: none;\n}\n#page .icon-with-text-shortcode.icon-text-id-9be608c2e2c39c1b79b2d98c34a7ab8d .text-icon.dt-icon-hover-on:not(:hover) .soc-font-icon,\n#phantom .icon-with-text-shortcode.icon-text-id-9be608c2e2c39c1b79b2d98c34a7ab8d .text-icon.dt-icon-hover-on:not(:hover) .soc-font-icon,\n#page .icon-with-text-shortcode.icon-text-id-9be608c2e2c39c1b79b2d98c34a7ab8d .text-icon.dt-icon-hover-on:not(:hover) .soc-icon,\n#phantom .icon-with-text-shortcode.icon-text-id-9be608c2e2c39c1b79b2d98c34a7ab8d .text-icon.dt-icon-hover-on:not(:hover) .soc-icon,\n#page .icon-with-text-shortcode.icon-text-id-9be608c2e2c39c1b79b2d98c34a7ab8d .text-icon.dt-icon-hover-off .soc-font-icon,\n#phantom .icon-with-text-shortcode.icon-text-id-9be608c2e2c39c1b79b2d98c34a7ab8d .text-icon.dt-icon-hover-off .soc-font-icon,\n#page .icon-with-text-shortcode.icon-text-id-9be608c2e2c39c1b79b2d98c34a7ab8d .text-icon.dt-icon-hover-off .soc-icon,\n#phantom .icon-with-text-shortcode.icon-text-id-9be608c2e2c39c1b79b2d98c34a7ab8d .text-icon.dt-icon-hover-off .soc-icon {\n  color: #ffffff;\n  background: none;\n}\n.icon-with-text-shortcode.icon-text-id-9be608c2e2c39c1b79b2d98c34a7ab8d.layout-1 {\n  grid-template-columns: 60px minmax(0,1fr);\n  grid-column-gap: 0px;\n}\n.icon-with-text-shortcode.icon-text-id-9be608c2e2c39c1b79b2d98c34a7ab8d.layout-2 {\n  grid-template-columns: minmax(0,1fr) 60px;\n  grid-column-gap: 0px;\n}\n.icon-with-text-shortcode.icon-text-id-9be608c2e2c39c1b79b2d98c34a7ab8d.layout-2 .text-icon {\n  margin-left: 0;\n}\n.icon-with-text-shortcode.icon-text-id-9be608c2e2c39c1b79b2d98c34a7ab8d.layout-3 {\n  grid-template-columns: 60px minmax(0,1fr);\n}\n.icon-with-text-shortcode.icon-text-id-9be608c2e2c39c1b79b2d98c34a7ab8d.layout-3 .dt-text-title {\n  margin-left: 0px;\n}\n.icon-with-text-shortcode.icon-text-id-9be608c2e2c39c1b79b2d98c34a7ab8d .dt-text-title,\n.icon-with-text-shortcode.icon-text-id-9be608c2e2c39c1b79b2d98c34a7ab8d .dt-text-title a {\n  font-weight: bold;\n}\n.icon-with-text-shortcode.icon-text-id-9be608c2e2c39c1b79b2d98c34a7ab8d .dt-text-title {\n  margin-bottom: 0px;\n}\n.icon-with-text-shortcode.icon-text-id-9be608c2e2c39c1b79b2d98c34a7ab8d .dt-text-desc {\n  margin-bottom: 0px;\n}\n<\/style><div class=\"icon-with-text-shortcode  icon-text-id-9be608c2e2c39c1b79b2d98c34a7ab8d layout-5  \" ><a class=\"block-link anchor-link\"  href=\"https:\/\/energetyk.edu.pl\/wp-content\/uploads\/2021\/09\/karta-zgody-na-opieke-nad-niepelnosprawnym-1.pdf\" target=\"_blank\"><\/a><a href=\"https:\/\/energetyk.edu.pl\/wp-content\/uploads\/2021\/09\/karta-zgody-na-opieke-nad-niepelnosprawnym-1.pdf\" target=\"_blank\" class=\"anchor-link text-icon dt-icon-bg-on dt-icon-hover-off\"><span class=\"icon-inner\"><i class=\"dt-regular-icon soc-icon Defaults-file-pdf-o\"><\/i><i class=\"dt-hover-icon soc-icon Defaults-file-pdf-o\"><\/i><\/span><\/a><h4 class=\"dt-text-title anchor-link\"><a class=\"anchor-link\"  href=\"https:\/\/energetyk.edu.pl\/wp-content\/uploads\/2021\/09\/karta-zgody-na-opieke-nad-niepelnosprawnym-1.pdf\" target=\"_blank\">Karta zgody na opiek\u0119 nad uczniem niepe\u0142nosprawnym<\/a><\/h4><div class=\"dt-text-desc\">pobierz<\/div><\/div>[\/vc_column][\/vc_row][vc_row][vc_column][vc_column_text]<div id=\"wppdfemb-frame-container-2\"><iframe id=\"wppdf-emb-iframe-2\" scrolling=\"no\" data-pdf-index=\"2\" class=\"pdfembed-iframe nonfullscreen\" style=\"border: none; width:100%; max-width: 100%; min-height: 1000px;\" src=\"https:\/\/te.poznan.pl?url=https%3A%2F%2Fte.poznan.pl%2Fwp-content%2Fuploads%2F2020%2F04%2Fkoronawirus2.pdf&toolbar=top&toolbarfixed=on&0=width%3D%22max&pdfID=2&index=2\" ><\/iframe><\/div>[\/vc_column_text][\/vc_column][\/vc_row]<\/p>\n<\/div>","protected":false},"excerpt":{"rendered":"<p>[vc_row][vc_column width=&#8221;1\/2&#8243;][\/vc_column][vc_column width=&#8221;1\/2&#8243;][vc_custom_heading text=&#8221;godziny przyj\u0119\u0107:&#8221; google_fonts=&#8221;font_family:Open%20Sans%3A300%2C300italic%2Cregular%2Citalic%2C600%2C600italic%2C700%2C700italic%2C800%2C800italic|font_style:600%20bold%20regular%3A600%3Anormal&#8221; css=&#8221;.vc_custom_1632070675823{margin-bottom: 15px !important;}&#8221;][vc_column_text css=&#8221;.vc_custom_1632069836452{border-top-width: 1px !important;border-top-color: #707070 !important;border-top-style: solid !important;}&#8221;]Uczniowie, kt\u00f3rzy zmienili dane osobowe np. adres lub inne proszeni s\u0105 o wype\u0142nienie druku i dostarczenie do piel\u0119gniarki szkolnej. Uczniowie z orzeczon\u0105 niepe\u0142nosprawno\u015bci\u0105 lub chorobami przewlek\u0142ymi r\u00f3wnie\u017c proszeni s\u0105 o wype\u0142nienie stosownego druku . Osobom niepe\u0142noletnim dokumenty podpisuj\u0105 rodzice\/opiekunowie[\/vc_column_text][\/vc_column][\/vc_row][vc_row css=&#8221;.vc_custom_1632070384881{margin-top:&hellip;<\/p>\n","protected":false},"author":1,"featured_media":0,"parent":0,"menu_order":0,"comment_status":"closed","ping_status":"closed","template":"","meta":{"footnotes":""},"class_list":["post-2773","page","type-page","status-publish","hentry","description-off"],"_links":{"self":[{"href":"https:\/\/te.poznan.pl\/index.php?rest_route=\/wp\/v2\/pages\/2773","targetHints":{"allow":["GET"]}}],"collection":[{"href":"https:\/\/te.poznan.pl\/index.php?rest_route=\/wp\/v2\/pages"}],"about":[{"href":"https:\/\/te.poznan.pl\/index.php?rest_route=\/wp\/v2\/types\/page"}],"author":[{"embeddable":true,"href":"https:\/\/te.poznan.pl\/index.php?rest_route=\/wp\/v2\/users\/1"}],"replies":[{"embeddable":true,"href":"https:\/\/te.poznan.pl\/index.php?rest_route=%2Fwp%2Fv2%2Fcomments&post=2773"}],"version-history":[{"count":13,"href":"https:\/\/te.poznan.pl\/index.php?rest_route=\/wp\/v2\/pages\/2773\/revisions"}],"predecessor-version":[{"id":2775,"href":"https:\/\/te.poznan.pl\/index.php?rest_route=\/wp\/v2\/pages\/2773\/revisions\/2775"}],"wp:attachment":[{"href":"https:\/\/te.poznan.pl\/index.php?rest_route=%2Fwp%2Fv2%2Fmedia&parent=2773"}],"curies":[{"name":"wp","href":"https:\/\/api.w.org\/{rel}","templated":true}]}}