{"id":2580,"date":"2022-10-17T14:16:13","date_gmt":"2022-10-17T12:16:13","guid":{"rendered":"https:\/\/te.poznan.pl\/?page_id=2580"},"modified":"2024-11-06T10:28:25","modified_gmt":"2024-11-06T09:28:25","slug":"dyzury-nauczycieli","status":"publish","type":"page","link":"https:\/\/te.poznan.pl\/?page_id=2580","title":{"rendered":"dy\u017cury nauczycieli"},"content":{"rendered":"<div class=\"wpb-content-wrapper\"><p>[vc_row][vc_column width=&#8221;1\/2&#8243;][vc_accordion active_tab=&#8221;&#8221; collapsible=&#8221;yes&#8221; style=&#8221;3&#8243;][vc_accordion_tab title=&#8221;Adrian &#8211; Cie\u015blak Renata&#8221;][vc_column_text css=&#8221;&#8221;]wtorek 12:55 &#8211; 13:55[\/vc_column_text][\/vc_accordion_tab][vc_accordion_tab title=&#8221;Adamska Monika&#8221;][vc_column_text css=&#8221;&#8221;]\u015broda 12:00 &#8211; 13:00[\/vc_column_text][\/vc_accordion_tab][vc_accordion_tab title=&#8221;Borkowski Waldemar&#8221;][vc_column_text css=&#8221;&#8221;]pi\u0105tek 10:50 &#8211; 11:50[\/vc_column_text][\/vc_accordion_tab][vc_accordion_tab title=&#8221;Borowiec Maciej&#8221;][vc_column_text css=&#8221;&#8221;]wtorek 14:45- 15:45[\/vc_column_text][\/vc_accordion_tab][vc_accordion_tab title=&#8221;Borowiecka Anna&#8221;][vc_column_text css=&#8221;&#8221;]pi\u0105tek 8:30 &#8211; 9:00[\/vc_column_text][\/vc_accordion_tab][vc_accordion_tab title=&#8221;Brz\u00f3stowicz Joanna&#8221;][vc_column_text css=&#8221;&#8221;]czwartek 10:05 &#8211; 11:05[\/vc_column_text][\/vc_accordion_tab][vc_accordion_tab title=&#8221;Cio\u0142kowski Krzysztof&#8221;][vc_column_text css=&#8221;&#8221;]czwartek 15:45 &#8211; 16:15[\/vc_column_text][\/vc_accordion_tab][vc_accordion_tab title=&#8221;Deresiewicz Joanna&#8221;][vc_column_text css=&#8221;&#8221;]czwartek 15:45 &#8211; 16:15[\/vc_column_text][\/vc_accordion_tab][vc_accordion_tab title=&#8221;Fiszer Marta&#8221;][vc_column_text css=&#8221;&#8221;]pi\u0105tek 9:00 &#8211; 10:00[\/vc_column_text][\/vc_accordion_tab][vc_accordion_tab title=&#8221;Frankowska Ewa&#8221;][vc_column_text css=&#8221;&#8221;]wtorek 12:00 &#8211; 12:30[\/vc_column_text][\/vc_accordion_tab][vc_accordion_tab title=&#8221;Fr\u0105ckowiak Magdalena&#8221;][vc_column_text css=&#8221;&#8221;]poniedzia\u0142ek 12:00 &#8211; 13:00[\/vc_column_text][\/vc_accordion_tab][vc_accordion_tab title=&#8221;Gawron Mariusz&#8221;][vc_column_text css=&#8221;&#8221;]\u015broda 14:45 &#8211; 15:45[\/vc_column_text][\/vc_accordion_tab][vc_accordion_tab title=&#8221;G\u0142owacka Justyna&#8221;][vc_column_text css=&#8221;&#8221;]wtorek 12:00 &#8211; 13:00[\/vc_column_text][\/vc_accordion_tab][vc_accordion_tab title=&#8221;Grobelny Leszek&#8221;][vc_column_text css=&#8221;&#8221;]\u015broda 8:05 &#8211; 9:05[\/vc_column_text][\/vc_accordion_tab][vc_accordion_tab title=&#8221;Grzemska Ma\u0142gorzata&#8221;][vc_column_text css=&#8221;&#8221;]czwartek 8:30 &#8211; 9:30[\/vc_column_text][\/vc_accordion_tab][vc_accordion_tab title=&#8221;Jajczyk Bogusz&#8221;][vc_column_text css=&#8221;&#8221;]poniedzia\u0142ek\u00a09:50 &#8211; 10:50[\/vc_column_text][\/vc_accordion_tab][vc_accordion_tab title=&#8221;Jaszczak Kacper&#8221;][vc_column_text css=&#8221;&#8221;]\u015broda 7:15 &#8211; 8:15[\/vc_column_text][\/vc_accordion_tab][vc_accordion_tab title=&#8221;Kar\u0142owski Maciej&#8221;][vc_column_text css=&#8221;&#8221;]pi\u0105tek 9:00 &#8211; 10:00[\/vc_column_text][\/vc_accordion_tab][vc_accordion_tab title=&#8221;Kamisi\u0144ski J\u00f3zef&#8221;][vc_column_text css=&#8221;&#8221;]wtorek 12:55- 13:55[\/vc_column_text][\/vc_accordion_tab][vc_accordion_tab title=&#8221;Kasprowicz Micha\u0142&#8221;][vc_column_text css=&#8221;&#8221;]poniedzia\u0142ek 7:00 &#8211; 7:25<\/p>\n<p>pi\u0105tek 17:25 &#8211; 18:00[\/vc_column_text][\/vc_accordion_tab][vc_accordion_tab title=&#8221;Kaznowska Joanna&#8221;][vc_column_text css=&#8221;&#8221;]wtorek 10:50 &#8211; 11:50[\/vc_column_text][\/vc_accordion_tab][vc_accordion_tab title=&#8221;Ka\u017amierczak Andrzej&#8221;][vc_column_text css=&#8221;&#8221;]\u015broda 8:05 &#8211; 9:05[\/vc_column_text][\/vc_accordion_tab][vc_accordion_tab title=&#8221;Kicza Tomasz&#8221;][vc_column_text css=&#8221;&#8221;]poniedzia\u0142ek 9:50 &#8211; 10:20[\/vc_column_text][\/vc_accordion_tab][vc_accordion_tab title=&#8221;Kolibowska Barbara&#8221;][vc_column_text css=&#8221;&#8221;]\u015broda 12:00 &#8211; 13:00[\/vc_column_text][\/vc_accordion_tab][vc_accordion_tab title=&#8221;Kubiak Marek&#8221;][vc_column_text css=&#8221;&#8221;]wtorek 12:05 &#8211; 13:05[\/vc_column_text][\/vc_accordion_tab][vc_accordion_tab title=&#8221;Kujawa Ewelina&#8221;][vc_column_text css=&#8221;&#8221;]wtorek 15:35 &#8211; 16:05<\/p>\n<p>pi\u0105tek 9:30 &#8211; 10:00[\/vc_column_text][\/vc_accordion_tab][vc_accordion_tab title=&#8221;\u0141o\u015b Adam&#8221;][vc_column_text css=&#8221;&#8221;]wtorek 10:50 &#8211; 11:20[\/vc_column_text][\/vc_accordion_tab][vc_accordion_tab title=&#8221;\u0141ugowska Agnieszka&#8221;][vc_column_text css=&#8221;&#8221;]wtorek 10:00 &#8211; 11:00[\/vc_column_text][\/vc_accordion_tab][vc_accordion_tab title=&#8221;Majewska Kamila&#8221;][vc_column_text css=&#8221;&#8221;]czwartek 10:50 &#8211; 11:20[\/vc_column_text][\/vc_accordion_tab][vc_accordion_tab title=&#8221;Maleszyk &#8211; Kaiser Agnieszka&#8221;][vc_column_text css=&#8221;&#8221;]pi\u0105tek 8:00 &#8211; 9:00[\/vc_column_text][\/vc_accordion_tab][vc_accordion_tab title=&#8221;Margraf Donata&#8221;][vc_column_text css=&#8221;&#8221;]pi\u0105tek 9:00 &#8211; 10:00[\/vc_column_text][\/vc_accordion_tab][\/vc_accordion][\/vc_column][vc_column width=&#8221;1\/2&#8243;][vc_accordion active_tab=&#8221;&#8221; collapsible=&#8221;yes&#8221; style=&#8221;3&#8243;][vc_accordion_tab title=&#8221;Matuszak Pawe\u0142&#8221;][vc_column_text css=&#8221;&#8221;]czwartek 16:35 &#8211; 17:05[\/vc_column_text][\/vc_accordion_tab][vc_accordion_tab title=&#8221;M\u0105czy\u0144ski W\u0142odzimierz&#8221;][vc_column_text css=&#8221;&#8221;]pi\u0105tek 14:45 &#8211; 15:15[\/vc_column_text][\/vc_accordion_tab][vc_accordion_tab title=&#8221;Nawrocka Agnieszka&#8221;][vc_column_text css=&#8221;&#8221;]poniedzia\u0142ek 12:50 &#8211; 13:50[\/vc_column_text][\/vc_accordion_tab][vc_accordion_tab title=&#8221;Oblizajek Wojciech&#8221;][vc_column_text css=&#8221;&#8221;]czwartek 13:25 &#8211; 13:55[\/vc_column_text][\/vc_accordion_tab][vc_accordion_tab title=&#8221;Paw\u0142owski Piotr&#8221;][vc_column_text css=&#8221;&#8221;]czwartek 10:50 &#8211; 11:50[\/vc_column_text][\/vc_accordion_tab][vc_accordion_tab title=&#8221;Pstr\u0105gowski Micha\u0142&#8221;][vc_column_text css=&#8221;&#8221;]\u015broda 10:50 &#8211; 11:50[\/vc_column_text][\/vc_accordion_tab][vc_accordion_tab title=&#8221;Rogodzi\u0144ska Katarzyna&#8221;][vc_column_text css=&#8221;&#8221;]poniedzia\u0142ek 12:30 &#8211; 13:30[\/vc_column_text][\/vc_accordion_tab][vc_accordion_tab title=&#8221;Ruda Justyna&#8221;][vc_column_text css=&#8221;&#8221;]poniedzia\u0142ek 10:55 &#8211; 11:55[\/vc_column_text][\/vc_accordion_tab][vc_accordion_tab title=&#8221;Rybak Sabina&#8221;][vc_column_text css=&#8221;&#8221;]czwartek 14:00 &#8211; 15:00[\/vc_column_text][\/vc_accordion_tab][vc_accordion_tab title=&#8221;Rybski Andrzej&#8221;][vc_column_text css=&#8221;&#8221;]wtorek 12:00 &#8211; 13:00[\/vc_column_text][\/vc_accordion_tab][vc_accordion_tab title=&#8221;Schalotte \u0141ukasz&#8221;][vc_column_text css=&#8221;&#8221;]pi\u0105tek 10:05 &#8211; 11:05[\/vc_column_text][\/vc_accordion_tab][vc_accordion_tab title=&#8221;Schwarz Sylwia&#8221;][vc_column_text css=&#8221;&#8221;]poniedzia\u0142ek 11:05 &#8211; 12:05[\/vc_column_text][\/vc_accordion_tab][vc_accordion_tab title=&#8221;Sosi\u0144ska Agnieszka&#8221;][vc_column_text css=&#8221;&#8221;]wtorek 10:50 &#8211; 11:50[\/vc_column_text][\/vc_accordion_tab][vc_accordion_tab title=&#8221;Stachowiak &#8211; Buczma Ewa&#8221;][vc_column_text css=&#8221;&#8221;]\u015broda 10:50 &#8211; 11:50[\/vc_column_text][\/vc_accordion_tab][vc_accordion_tab title=&#8221;Starzak Barbara&#8221;][vc_column_text css=&#8221;&#8221;]poniedzia\u0142ek 14:00 &#8211; 15:00[\/vc_column_text][\/vc_accordion_tab][vc_accordion_tab title=&#8221;Str\u00f3zik Marek&#8221;][vc_column_text css=&#8221;&#8221;]wtorek 14:45 &#8211; 15:45[\/vc_column_text][\/vc_accordion_tab][vc_accordion_tab title=&#8221;Str\u00f3zik Romana&#8221;][vc_column_text css=&#8221;&#8221;]czwartek 9:00 &#8211; 10:00[\/vc_column_text][\/vc_accordion_tab][vc_accordion_tab title=&#8221;Stypi\u0144ski Jakub&#8221;][vc_column_text css=&#8221;&#8221;]czwartek 14:45 &#8211; 15:45[\/vc_column_text][\/vc_accordion_tab][vc_accordion_tab title=&#8221;Surowiec Ma\u0142gorzata&#8221;][vc_column_text css=&#8221;&#8221;]wtorek 10:55 &#8211; 11:55[\/vc_column_text][\/vc_accordion_tab][vc_accordion_tab title=&#8221;Szczepaniak Iwona&#8221;][vc_column_text css=&#8221;&#8221;]wtorek 13:00 &#8211; 14:00[\/vc_column_text][\/vc_accordion_tab][vc_accordion_tab title=&#8221;Urbanowicz Dariusz&#8221;][vc_column_text css=&#8221;&#8221;]poniedzia\u0142ek 9:00 &#8211; 10:00[\/vc_column_text][\/vc_accordion_tab][vc_accordion_tab title=&#8221;Walczak Andrzej&#8221;][vc_column_text css=&#8221;&#8221;]\u015broda 14:00 &#8211; 15:00[\/vc_column_text][\/vc_accordion_tab][vc_accordion_tab title=&#8221;Walkowska Agnieszka&#8221;][vc_column_text css=&#8221;&#8221;]wtorek 9:05 &#8211; 10:05[\/vc_column_text][\/vc_accordion_tab][vc_accordion_tab title=&#8221;Warpas-Sulka Dawid&#8221;][vc_column_text css=&#8221;&#8221;]poniedzia\u0142ek 9:50 &#8211; 10:20[\/vc_column_text][vc_column_text css=&#8221;&#8221;]poniedzia\u0142ek 9:50 &#8211; 10:20[\/vc_column_text][\/vc_accordion_tab][vc_accordion_tab title=&#8221;Wojtkowska Mariola&#8221;][vc_column_text css=&#8221;&#8221;]poniedzia\u0142ek 9:50 &#8211; 10:20[\/vc_column_text][\/vc_accordion_tab][vc_accordion_tab title=&#8221;Wyszkowska Marzena&#8221;][vc_column_text css=&#8221;&#8221;]poniedzia\u0142ek 9:05 &#8211; 10:05[\/vc_column_text][\/vc_accordion_tab][vc_accordion_tab title=&#8221;Wytyk Krzysztof&#8221;][vc_column_text css=&#8221;&#8221;]poniedzia\u0142ek 14:00 &#8211; 15:00[\/vc_column_text][\/vc_accordion_tab][vc_accordion_tab title=&#8221;Zawadzka &#8211; Kwa\u015bnioch Renata&#8221;][vc_column_text css=&#8221;&#8221;]\u015broda 13:00 13:30<\/p>\n<p>czwartek 12:00- 12:30[\/vc_column_text][\/vc_accordion_tab][vc_accordion_tab title=&#8221;Zieli\u0144ska Milena&#8221;][vc_column_text css=&#8221;&#8221;]\u015broda 10:50 &#8211; 11:50[\/vc_column_text][\/vc_accordion_tab][vc_accordion_tab title=&#8221;Zientera Iwona&#8221;][vc_column_text css=&#8221;&#8221;]\u015broda 12:50 &#8211; 13:50[\/vc_column_text][\/vc_accordion_tab][vc_accordion_tab title=&#8221;Zi\u00f3\u0142kowska Katarzyna&#8221;][vc_column_text css=&#8221;&#8221;]czwartek 9:50 &#8211; 10:50[\/vc_column_text][\/vc_accordion_tab][\/vc_accordion][\/vc_column][\/vc_row]<\/p>\n<\/div>","protected":false},"excerpt":{"rendered":"<p>[vc_row][vc_column width=&#8221;1\/2&#8243;][vc_accordion active_tab=&#8221;&#8221; collapsible=&#8221;yes&#8221; style=&#8221;3&#8243;][vc_accordion_tab title=&#8221;Adrian &#8211; Cie\u015blak Renata&#8221;][vc_column_text css=&#8221;&#8221;]wtorek 12:55 &#8211; 13:55[\/vc_column_text][\/vc_accordion_tab][vc_accordion_tab title=&#8221;Adamska Monika&#8221;][vc_column_text css=&#8221;&#8221;]\u015broda 12:00 &#8211; 13:00[\/vc_column_text][\/vc_accordion_tab][vc_accordion_tab title=&#8221;Borkowski Waldemar&#8221;][vc_column_text css=&#8221;&#8221;]pi\u0105tek 10:50 &#8211; 11:50[\/vc_column_text][\/vc_accordion_tab][vc_accordion_tab title=&#8221;Borowiec Maciej&#8221;][vc_column_text css=&#8221;&#8221;]wtorek 14:45- 15:45[\/vc_column_text][\/vc_accordion_tab][vc_accordion_tab title=&#8221;Borowiecka Anna&#8221;][vc_column_text css=&#8221;&#8221;]pi\u0105tek 8:30 &#8211; 9:00[\/vc_column_text][\/vc_accordion_tab][vc_accordion_tab title=&#8221;Brz\u00f3stowicz Joanna&#8221;][vc_column_text css=&#8221;&#8221;]czwartek 10:05 &#8211; 11:05[\/vc_column_text][\/vc_accordion_tab][vc_accordion_tab title=&#8221;Cio\u0142kowski Krzysztof&#8221;][vc_column_text css=&#8221;&#8221;]czwartek 15:45 &#8211; 16:15[\/vc_column_text][\/vc_accordion_tab][vc_accordion_tab title=&#8221;Deresiewicz Joanna&#8221;][vc_column_text css=&#8221;&#8221;]czwartek 15:45 &#8211; 16:15[\/vc_column_text][\/vc_accordion_tab][vc_accordion_tab title=&#8221;Fiszer&hellip;<\/p>\n","protected":false},"author":1,"featured_media":0,"parent":0,"menu_order":0,"comment_status":"closed","ping_status":"closed","template":"","meta":{"footnotes":""},"class_list":["post-2580","page","type-page","status-publish","hentry","description-off"],"_links":{"self":[{"href":"https:\/\/te.poznan.pl\/index.php?rest_route=\/wp\/v2\/pages\/2580","targetHints":{"allow":["GET"]}}],"collection":[{"href":"https:\/\/te.poznan.pl\/index.php?rest_route=\/wp\/v2\/pages"}],"about":[{"href":"https:\/\/te.poznan.pl\/index.php?rest_route=\/wp\/v2\/types\/page"}],"author":[{"embeddable":true,"href":"https:\/\/te.poznan.pl\/index.php?rest_route=\/wp\/v2\/users\/1"}],"replies":[{"embeddable":true,"href":"https:\/\/te.poznan.pl\/index.php?rest_route=%2Fwp%2Fv2%2Fcomments&post=2580"}],"version-history":[{"count":16,"href":"https:\/\/te.poznan.pl\/index.php?rest_route=\/wp\/v2\/pages\/2580\/revisions"}],"predecessor-version":[{"id":5421,"href":"https:\/\/te.poznan.pl\/index.php?rest_route=\/wp\/v2\/pages\/2580\/revisions\/5421"}],"wp:attachment":[{"href":"https:\/\/te.poznan.pl\/index.php?rest_route=%2Fwp%2Fv2%2Fmedia&parent=2580"}],"curies":[{"name":"wp","href":"https:\/\/api.w.org\/{rel}","templated":true}]}}