{"id":2392,"date":"2020-10-26T15:44:19","date_gmt":"2020-10-26T14:44:19","guid":{"rendered":"https:\/\/te.poznan.pl\/?page_id=2392"},"modified":"2024-03-26T14:14:54","modified_gmt":"2024-03-26T13:14:54","slug":"narzedzia-dostepnosci","status":"publish","type":"page","link":"https:\/\/te.poznan.pl\/?page_id=2392","title":{"rendered":"Deklaracja dost\u0119pno\u015bci cyfrowej \u2013 O\u015bwiadczenie w sprawie dost\u0119pno\u015bci"},"content":{"rendered":"<div class=\"wpb-content-wrapper\"><p>[vc_row][vc_column][vc_column_text]<strong>Wst\u0119p<\/strong><\/p>\n<p>Dyrekcja Technikum Energetycznego w Poznaniu zobowi\u0105zuje si\u0119 zapewni\u0107 dost\u0119pno\u015b\u0107 swojej strony internetowej zgodnie z ustaw\u0105 z dnia 4 kwietnia 2019 r. o dost\u0119pno\u015bci cyfrowej stron internetowych i aplikacji mobilnych podmiot\u00f3w publicznych. O\u015bwiadczenie w sprawie dost\u0119pno\u015bci ma zastosowanie do <u><a href=\"https:\/\/te.poznan.pl\/\">strony internetowej Technikum Energetycznego w Poznaniu<\/a><\/u>.<\/p>\n<p style=\"background: white; vertical-align: baseline; margin: 0cm 0cm 12.0pt 0cm;\"><span style=\"font-family: 'Arial',sans-serif; color: #1b1b1b;\">Deklaracj\u0119 sporz\u0105dzono na podstawie samooceny przeprowadzonej przez Technikum Energetyczne im. Henryka Zygalskiego w Poznaniu<\/span><\/p>\n<p style=\"margin: 0cm; margin-bottom: .0001pt; background: white; vertical-align: baseline; box-sizing: border-box; font-variant-ligatures: normal; font-variant-caps: normal; font-variant-numeric: inherit; font-variant-east-asian: inherit; font-stretch: inherit; line-height: inherit; orphans: 2; text-align: start; widows: 2; -webkit-text-stroke-width: 0px; text-decoration-thickness: initial; text-decoration-style: initial; text-decoration-color: initial; word-spacing: 0px;\"><span style=\"font-family: 'Arial',sans-serif; color: #1b1b1b;\">Data ostatniego przegl\u0105du deklaracji:\u00a0<span id=\"a11y-data-sporzadzenie\" style=\"box-sizing: border-box;\">2024.03.15.\u00a0<\/span><\/span><\/p>\n<p><strong>Daty publikacji i aktualizacji<\/strong><\/p>\n<p>Data publikacji strony internetowej: 2003-09-01. Data ostatniej istotnej aktualizacji: 2024-03-25.<\/p>\n<p><strong>Status pod wzgl\u0119dem zgodno\u015bci z ustaw\u0105<\/strong><\/p>\n<p>Strona internetowa jest zgodna z ustaw\u0105 z dnia 4 kwietnia 2019 r. o dost\u0119pno\u015bci cyfrowej stron internetowych i aplikacji mobilnych podmiot\u00f3w publicznych z powodu niezgodno\u015bci lub w\u0142\u0105cze\u0144 wymienionych poni\u017cej.<\/p>\n<p>W Technikum Energetycznym w Poznaniu dla strony\u00a0<strong>energetyk.edu.pl\u00a0<\/strong>przeprowadzono samoocen\u0119 dost\u0119pno\u015bci dla os\u00f3b niepe\u0142nosprawnych oraz skorzystano z dost\u0119pnego narz\u0119dzia do oceny strony: <strong>Test \u2013 European Internet Inclusion Initiative,<\/strong> (pod adresem internetowym: <u><a href=\"http:\/\/checkers.eiii.eu\/\">http:\/\/checkers.eiii.eu\/<\/a><\/u> ), z kt\u00f3rego wynika, \u017ce:<\/p>\n<p><strong>Strona internetowa energetyk.edu.pl spe\u0142nia wymagania w 99.44%.\u00a0<\/strong>[\/vc_column_text]<div class=\"standard-arrow list-divider bullet-top\"><ul>\n<li>W pojedynczych przypadkach brak opis\u00f3w zdj\u0119\u0107, tekstu alternatywnego dla czytnik\u00f3w obs\u0142ugiwanych przez osoby niepe\u0142nosprawne.<\/li>\n<li><strong>W cz\u0119\u015bci film\u00f3w nie ma napis\u00f3w dla os\u00f3b nies\u0142ysz\u0105cych i g\u0142uchych. <\/strong>Wszystkie nowe filmy dodawane na naszej stronie maj\u0105 ju\u017c takie napisy. Do film\u00f3w sprzed 23 wrze\u015bnia 2020 r. planujemy doda\u0107 napisy do maja 2024r..<\/li>\n<\/ul>\n<\/div>[vc_column_text]<strong>Data sporz\u0105dzenia Deklaracji i metoda oceny dost\u0119pno\u015bci cyfrowej<\/strong><\/p>\n<p>O\u015bwiadczenie sporz\u0105dzono dnia: 2020-10-12. Deklaracj\u0119 sporz\u0105dzono na podstawie samooceny przeprowadzonej przez Technikum Energetyczne.<\/p>\n<p><strong>Skr\u00f3ty klawiaturowe<\/strong><\/p>\n<p>Na stronie internetowej mo\u017cna u\u017cywa\u0107 standardowych skr\u00f3t\u00f3w klawiaturowych przegl\u0105darki<\/p>\n<p>&nbsp;<\/p>\n<p><strong>Dost\u0119pne udogodnienia dla os\u00f3b niepe\u0142nosprawnych:<\/strong>[\/vc_column_text]<div class=\"standard-arrow list-divider bullet-top\"><ul>\n<li>powi\u0119kszanie czcionki,<\/li>\n<li>podkre\u015blanie link\u00f3w,<\/li>\n<li>ustawienie wysokiego kontrastu,<\/li>\n<li>skala szaro\u015bci,<\/li>\n<li>wysoki kontrast,<\/li>\n<li>kontrast negatywny,<\/li>\n<li>jasne t\u0142o,<\/li>\n<li>czytelna czcionka.<\/li>\n<\/ul>\n<\/div>[vc_column_text]<strong>Informacje zwrotne i dane kontaktowe<\/strong><\/p>\n<p>W przypadku problem\u00f3w z dost\u0119pno\u015bci\u0105 strony internetowej prosimy o kontakt. Osob\u0105 kontaktow\u0105 jest Krzysztof Wytyk, sekretariat@zse-1.edu.pl. Kontaktowa\u0107 mo\u017cna si\u0119 tak\u017ce dzwoni\u0105c na numer telefonu 61 8 417 114. T\u0105 sam\u0105 drog\u0105 mo\u017cna sk\u0142ada\u0107 wnioski o udost\u0119pnienie informacji niedost\u0119pnej oraz sk\u0142ada\u0107 skargi na brak zapewnienia dost\u0119pno\u015bci.<\/p>\n<p><strong>Informacje na temat procedury<\/strong><\/p>\n<p>Ka\u017cdy ma prawo do wyst\u0105pienia z \u017c\u0105daniem zapewnienia dost\u0119pno\u015bci cyfrowej strony internetowej, aplikacji mobilnej lub jakiego\u015b ich elementu. Mo\u017cna tak\u017ce za\u017c\u0105da\u0107 udost\u0119pnienia informacji za pomoc\u0105 alternatywnego sposobu dost\u0119pu, na przyk\u0142ad przez odczytanie niedost\u0119pnego cyfrowo dokumentu, opisanie zawarto\u015bci filmu bez audiodeskrypcji itp. \u017b\u0105danie powinno zawiera\u0107 dane osoby zg\u0142aszaj\u0105cej \u017c\u0105danie, wskazanie, o kt\u00f3r\u0105 stron\u0119 internetow\u0105 lub aplikacj\u0119 mobiln\u0105 chodzi oraz spos\u00f3b kontaktu. Je\u017celi osoba \u017c\u0105daj\u0105ca zg\u0142asza potrzeb\u0119 otrzymania informacji za pomoc\u0105 alternatywnego sposobu dost\u0119pu, powinna tak\u017ce okre\u015bli\u0107 dogodny dla niej spos\u00f3b przedstawienia tej informacji. Podmiot publiczny powinien zrealizowa\u0107 \u017c\u0105danie niezw\u0142ocznie, nie p\u00f3\u017aniej ni\u017c w ci\u0105gu 7 dni od dnia wyst\u0105pienia z \u017c\u0105daniem. Je\u017celi dotrzymanie tego terminu nie jest mo\u017cliwe, podmiot publiczny niezw\u0142ocznie informuje o tym wnosz\u0105cego \u017c\u0105danie, kiedy realizacja \u017c\u0105dania b\u0119dzie mo\u017cliwa, przy czym termin ten nie mo\u017ce by\u0107 d\u0142u\u017cszy ni\u017c 2 miesi\u0105ce od dnia wyst\u0105pienia z \u017c\u0105daniem. Je\u017celi zapewnienie dost\u0119pno\u015bci cyfrowej nie jest mo\u017cliwe, podmiot publiczny mo\u017ce zaproponowa\u0107 alternatywny spos\u00f3b dost\u0119pu do informacji. W przypadku, gdy podmiot publiczny odm\u00f3wi realizacji \u017c\u0105dania zapewnienia dost\u0119pno\u015bci lub alternatywnego sposobu dost\u0119pu do informacji, wnosz\u0105cy \u017c\u0105danie mo\u017cne z\u0142o\u017cy\u0107 skarg\u0119 w sprawie zapewniana dost\u0119pno\u015bci cyfrowej strony internetowej, aplikacji mobilnej lub elementu strony internetowej, lub aplikacji mobilnej. Po wyczerpaniu wskazanej wy\u017cej procedury mo\u017cna tak\u017ce z\u0142o\u017cy\u0107 wniosek do Rzecznika Praw Obywatelskich.<\/p>\n<p><u><a href=\"https:\/\/www.rpo.gov.pl\/\">Klikaj\u0105c ten link przejd\u017a do strony Rzecznika Praw Obywatelskich<\/a><\/u><\/p>\n<p><strong>Dost\u0119pno\u015b\u0107 architektoniczna<\/strong><\/p>\n<p>Technikum Energetyczne w Poznaniu znajduje si\u0119 na ul. J. H. D\u0105browskiego 163, 60-594 Pozna\u0144. Wej\u015bcie g\u0142\u00f3wne jest od strony ul. J. H. D\u0105browskiego. Budynek Szko\u0142y nie jest dostosowany architektonicznie dla os\u00f3b niepe\u0142nosprawnych. Sekretariat znajduje si\u0119 na pierwszym pi\u0119trze.[\/vc_column_text][\/vc_column][\/vc_row]<\/p>\n<\/div>","protected":false},"excerpt":{"rendered":"<p>[vc_row][vc_column][vc_column_text]Wst\u0119p Dyrekcja Technikum Energetycznego w Poznaniu zobowi\u0105zuje si\u0119 zapewni\u0107 dost\u0119pno\u015b\u0107 swojej strony internetowej zgodnie z ustaw\u0105 z dnia 4 kwietnia 2019 r. o dost\u0119pno\u015bci cyfrowej stron internetowych i aplikacji mobilnych podmiot\u00f3w publicznych. O\u015bwiadczenie w sprawie dost\u0119pno\u015bci ma zastosowanie do strony internetowej Technikum Energetycznego w Poznaniu. Deklaracj\u0119 sporz\u0105dzono na podstawie samooceny przeprowadzonej przez Technikum Energetyczne im.&hellip;<\/p>\n","protected":false},"author":1,"featured_media":0,"parent":0,"menu_order":0,"comment_status":"closed","ping_status":"closed","template":"","meta":{"footnotes":""},"class_list":["post-2392","page","type-page","status-publish","hentry","description-off"],"_links":{"self":[{"href":"https:\/\/te.poznan.pl\/index.php?rest_route=\/wp\/v2\/pages\/2392","targetHints":{"allow":["GET"]}}],"collection":[{"href":"https:\/\/te.poznan.pl\/index.php?rest_route=\/wp\/v2\/pages"}],"about":[{"href":"https:\/\/te.poznan.pl\/index.php?rest_route=\/wp\/v2\/types\/page"}],"author":[{"embeddable":true,"href":"https:\/\/te.poznan.pl\/index.php?rest_route=\/wp\/v2\/users\/1"}],"replies":[{"embeddable":true,"href":"https:\/\/te.poznan.pl\/index.php?rest_route=%2Fwp%2Fv2%2Fcomments&post=2392"}],"version-history":[{"count":10,"href":"https:\/\/te.poznan.pl\/index.php?rest_route=\/wp\/v2\/pages\/2392\/revisions"}],"predecessor-version":[{"id":4684,"href":"https:\/\/te.poznan.pl\/index.php?rest_route=\/wp\/v2\/pages\/2392\/revisions\/4684"}],"wp:attachment":[{"href":"https:\/\/te.poznan.pl\/index.php?rest_route=%2Fwp%2Fv2%2Fmedia&parent=2392"}],"curies":[{"name":"wp","href":"https:\/\/api.w.org\/{rel}","templated":true}]}}