{"id":2045,"date":"2020-07-23T12:36:27","date_gmt":"2020-07-23T10:36:27","guid":{"rendered":"https:\/\/te.poznan.pl\/?page_id=2045"},"modified":"2020-07-23T13:04:36","modified_gmt":"2020-07-23T11:04:36","slug":"history-of-school","status":"publish","type":"page","link":"https:\/\/te.poznan.pl\/?page_id=2045&lang=en","title":{"rendered":"History of school"},"content":{"rendered":"<div class=\"wpb-content-wrapper\"><p>[vc_row][vc_column width=&#8221;1\/4&#8243;]<style type=\"text\/css\" data-type=\"the7_shortcodes-inline-css\">.shortcode-single-image-wrap.shortcode-single-image-9a80d9fc2c5080aa5c3d869d5cdef36b.enable-bg-rollover .rollover i,\n.shortcode-single-image-wrap.shortcode-single-image-9a80d9fc2c5080aa5c3d869d5cdef36b.enable-bg-rollover .rollover-video i {\n  background: ;\n  background: -webkit-linear-gradient();\n  background: linear-gradient();\n}\n.shortcode-single-image-wrap.shortcode-single-image-9a80d9fc2c5080aa5c3d869d5cdef36b .rollover-icon {\n  font-size: 32px;\n  color: #ffffff;\n  min-width: 44px;\n  min-height: 44px;\n  line-height: 44px;\n  border-radius: 100px;\n  border-style: solid;\n  border-width: 0px;\n}\n.dt-icon-bg-on.shortcode-single-image-wrap.shortcode-single-image-9a80d9fc2c5080aa5c3d869d5cdef36b .rollover-icon {\n  background: rgba(255,255,255,0.3);\n  box-shadow: none;\n}\n<\/style><div class=\"shortcode-single-image-wrap shortcode-single-image-9a80d9fc2c5080aa5c3d869d5cdef36b alignnone  enable-bg-rollover dt-icon-bg-off\" style=\"margin-top:0px; margin-bottom:0px; margin-left:0px; margin-right:0px;\" data-pretty-share=\"facebook,twitter,linkedin,pinterest,whatsapp\"><div class=\"shortcode-single-image\"><div class=\"fancy-media-wrap\" style=\"\"><a class=\"layzr-bg rollover rollover-zoom dt-pswp-item pswp-image\" href=\"https:\/\/te.poznan.pl\/wp-content\/uploads\/2020\/04\/budynek1937.jpg\" title=\"budynek1937\" data-dt-img-description=\"\" data-large_image_width=\"684\" data-large_image_height = \"1000\"  style=\"box-shadow:5px 5px 5px 5px rgba(0,0,0,0.6); -webkit-box-shadow:5px 5px 5px 5px rgba(0,0,0,0.6);\"><img decoding=\"async\" class=\"preload-me lazy-load aspect\" src=\"data:image\/svg+xml,%3Csvg%20xmlns%3D&#39;http%3A%2F%2Fwww.w3.org%2F2000%2Fsvg&#39;%20viewBox%3D&#39;0%200%20136%20200&#39;%2F%3E\" data-src=\"https:\/\/te.poznan.pl\/wp-content\/uploads\/2020\/04\/budynek1937-136x200.jpg\" data-srcset=\"https:\/\/te.poznan.pl\/wp-content\/uploads\/2020\/04\/budynek1937-136x200.jpg 136w, https:\/\/te.poznan.pl\/wp-content\/uploads\/2020\/04\/budynek1937-272x400.jpg 272w\" loading=\"eager\" style=\"--ratio: 136 \/ 200\" sizes=\"(max-width: 136px) 100vw, 136px\" width=\"136\" height=\"200\"  data-dt-location=\"https:\/\/te.poznan.pl\/?attachment_id=1466\" alt=\"\" \/><\/a><\/div><\/div><\/div>[\/vc_column][vc_column width=&#8221;3\/4&#8243; css=&#8221;.vc_custom_1586729459792{padding-top: 30px !important;}&#8221;][vc_column_text]<strong>The school has its beginnings in 1937.<\/strong> In September, the <strong>State Mechanical and Electrical High School<\/strong> in Pozna\u0144 was established, which was the foundation of the Higher School of Machine Construction, with which it formed an organizational whole. It was a three-year vocational school of the second degree with the seat in the building of today&#8217;s Poznan University<br \/>\nof Technology at Plac Bergera 5 (now Maria Sk\u0142odowska-Curie Square). Students were admitted after the \u2018small high school-leaving examination\u2019, i.e. after the six pre-war years<br \/>\nof eight-year junior high school. In the 1937\/38 school year, the school had two classes<br \/>\n\u2013 mechanical and electrical.[\/vc_column_text][\/vc_column][\/vc_row][vc_row css=&#8221;.vc_custom_1586730521671{padding-top: 30px !important;}&#8221;][vc_column width=&#8221;2\/3&#8243;][vc_column_text]<strong>On March 1 1945,<\/strong> the school started working as an independent unit. On April 5. it had 182 students, and from 1 June a preparatory class was opened for 64 students. In July, the first secondary school-leaving examination took place. 16 people passed it from the mechanical class, and 13 from the electrical class. On September 1 1949, the school had 16 departments located in three buildings.<\/p>\n<p>From 1 September, the facility included schools for adults, namely: the State Mechanical High School for Adults and the State Electrical High School. These schools carried out their statutory tasks until the end of the 1960\/61 school year, and then they were incorporated<br \/>\ninto the Technical High School of Mechanical Engineering in Pozna\u0144 at Dzier\u017cy\u0144skiego 352\/360 street (currently 28 June 1956 street)[\/vc_column_text][\/vc_column][vc_column width=&#8221;1\/3&#8243;]<style type=\"text\/css\" data-type=\"the7_shortcodes-inline-css\">.shortcode-single-image-wrap.shortcode-single-image-fca5d2528b9ad1a8819c26e382497757.enable-bg-rollover .rollover i,\n.shortcode-single-image-wrap.shortcode-single-image-fca5d2528b9ad1a8819c26e382497757.enable-bg-rollover .rollover-video i {\n  background: ;\n  background: -webkit-linear-gradient();\n  background: linear-gradient();\n}\n.shortcode-single-image-wrap.shortcode-single-image-fca5d2528b9ad1a8819c26e382497757 .rollover-icon {\n  font-size: 32px;\n  color: #ffffff;\n  min-width: 44px;\n  min-height: 44px;\n  line-height: 44px;\n  border-radius: 100px;\n  border-style: solid;\n  border-width: 0px;\n}\n.dt-icon-bg-on.shortcode-single-image-wrap.shortcode-single-image-fca5d2528b9ad1a8819c26e382497757 .rollover-icon {\n  background: rgba(255,255,255,0.3);\n  box-shadow: none;\n}\n<\/style><div class=\"shortcode-single-image-wrap shortcode-single-image-fca5d2528b9ad1a8819c26e382497757 alignnone  enable-bg-rollover dt-icon-bg-off\" style=\"margin-top:0px; margin-bottom:0px; margin-left:0px; margin-right:0px; width:500px;\" data-pretty-share=\"facebook,twitter,linkedin,pinterest,whatsapp\"><div class=\"shortcode-single-image\"><div class=\"fancy-media-wrap\" style=\"\"><a class=\"layzr-bg rollover rollover-zoom dt-pswp-item pswp-image\" href=\"https:\/\/te.poznan.pl\/wp-content\/uploads\/2020\/04\/budynek1945.jpg\" title=\"budynek1945\" data-dt-img-description=\"\" data-large_image_width=\"1000\" data-large_image_height = \"617\"  style=\"box-shadow:5px 5px 5px 5px rgba(0,0,0,0.6); -webkit-box-shadow:5px 5px 5px 5px rgba(0,0,0,0.6);\"><img fetchpriority=\"high\" decoding=\"async\" class=\"preload-me lazy-load aspect\" src=\"data:image\/svg+xml,%3Csvg%20xmlns%3D&#39;http%3A%2F%2Fwww.w3.org%2F2000%2Fsvg&#39;%20viewBox%3D&#39;0%200%20500%20308&#39;%2F%3E\" data-src=\"https:\/\/te.poznan.pl\/wp-content\/uploads\/2020\/04\/budynek1945-500x308.jpg\" data-srcset=\"https:\/\/te.poznan.pl\/wp-content\/uploads\/2020\/04\/budynek1945-500x308.jpg 500w, https:\/\/te.poznan.pl\/wp-content\/uploads\/2020\/04\/budynek1945.jpg 1000w\" loading=\"eager\" style=\"--ratio: 500 \/ 308\" sizes=\"(max-width: 500px) 100vw, 500px\" width=\"500\" height=\"308\"  data-dt-location=\"https:\/\/te.poznan.pl\/?attachment_id=1467\" alt=\"\" \/><\/a><\/div><\/div><\/div>[\/vc_column][\/vc_row][vc_row][vc_column][vc_column_text]<strong>From September 1 1951, a new name for the school was in operation &#8211; Technical and Mechanical Secondar<\/strong>y School of the Ministry of Heavy Industry in Pozna\u0144. From 1953 July 6, the School was subject to the Ministry of Energy, at the same time changing its name to Technical Secondary <strong>School of Energy. From July 23 1958<\/strong>, all agendas of Technical Secondary School of Energy obtained one seat in the building of the Basic Metal School No. 1 at In\u017cynierska 4\/5 street. <strong>On October 23 1959<\/strong> the rooms were separated and the Technical Secondary School of Energy took over the newer part of the building.[\/vc_column_text][\/vc_column][\/vc_row][vc_row full_width=&#8221;stretch_row&#8221; bg_type=&#8221;image&#8221; parallax_style=&#8221;vcpb-vz-jquery&#8221; bg_image_new=&#8221;id^1476|url^https:\/\/te.poznan.pl\/wp-content\/uploads\/2020\/04\/budynek1964.jpg|caption^null|alt^null|title^budynek1964|description^null&#8221; bg_image_repeat=&#8221;no-repeat&#8221;][vc_column css=&#8221;.vc_custom_1586731639126{padding-top: 100px !important;padding-bottom: 100px !important;}&#8221;][\/vc_column][\/vc_row][vc_row][vc_column css=&#8221;.vc_custom_1586731956400{border-bottom-width: 1px !important;border-bottom-color: #000000 !important;border-bottom-style: solid !important;}&#8221;][vc_custom_heading text=&#8221;IN A NEW BUILDING&#8221; font_container=&#8221;tag:h4|text_align:left|color:%23000000&#8243; use_theme_fonts=&#8221;yes&#8221;][vc_column_text]<strong>On September 1 1964,<\/strong> during the municipal celebrations marking the beginning of the 1964\/65 school year &#8211; a new \u2018millennium school\u2019 \u00a0was handed over to the Technical Secondary School located at D\u0105browskiego 163 street, at the same time the School was named after General Aleksander Zawadzki. (The year 1966 was the thousandth anniversary of the creation of the Polish state. Preparations for it began almost a decade earlier, because the main element of the state celebration was the construction of a thousand schools, so called \u2018millenium schools\u2019). The new headquarters, of course, pleased the entire school community, strengthened the position of the School, but they were actually just walls. Everything had to be created from scraps, namely: subject laboratories (electrical measurements, electrical machines, electrical equipment, automation and high voltage, heat and cooling laboratory), they were successively equipped until the end of the 1970s; they were located in the lowest storey of the school building (rooms 01-07, 011 and 012), arranging playgrounds and green areas around the school building, including the planting of trees and shrubs, it was also a few years of effort (total 55,000 hours worked by teachers, students and parents in so-called \u2018social actions\u2019).[\/vc_column_text][\/vc_column][\/vc_row][vc_row][vc_column css=&#8221;.vc_custom_1586732017769{border-bottom-width: 1px !important;border-bottom-color: #000000 !important;border-bottom-style: solid !important;}&#8221;][vc_column_text]<strong>1968<\/strong> Technical Secondary School of Energy received a banner founded by the Parent Committee and School Guardianship Committee.[\/vc_column_text][\/vc_column][\/vc_row][vc_row][vc_column css=&#8221;.vc_custom_1586732355866{border-bottom-width: 1px !important;padding-top: 30px !important;border-bottom-color: #000000 !important;border-bottom-style: solid !important;}&#8221;][vc_column_text]<strong>On January 1 1977<\/strong> \u2013 there was another name change of the School &#8211; the Electric School Complex was established, with the following organizational composition:<\/p>\n<ul>\n<li>Technical Secondary School of Energy &#8211; 5 years<\/li>\n<li>Technical Secondary School of Energy &#8211; 3 years on the foundation of Vocational School Complex<\/li>\n<li>Technical Secondary School of Energy &#8211; 3 years for working students<\/li>\n<li>Vocational High School &#8211; 4 years<\/li>\n<li>2-year Post-secondary Vocational College<\/li>\n<\/ul>\n<p>[\/vc_column_text][\/vc_column][\/vc_row][vc_row][vc_column css=&#8221;.vc_custom_1586732355866{border-bottom-width: 1px !important;padding-top: 30px !important;border-bottom-color: #000000 !important;border-bottom-style: solid !important;}&#8221;][vc_column_text]<strong>1983\/1984<\/strong> The first computer science laboratory in Pozna\u0144 and in the voivodship opened at the Electrical School Complex, initially equipped with one microcomputer, and in the following year another eight computers from the Board of Trustees and three microcomputers received as a gift from the Ministry of Education. In the following years, a second IT studio was created. Additional equipment was purchased: printers, disk drives, server. From 1985, the studio enabled classes in training groups.[\/vc_column_text][\/vc_column][\/vc_row][vc_row][vc_column css=&#8221;.vc_custom_1586732355866{border-bottom-width: 1px !important;padding-top: 30px !important;border-bottom-color: #000000 !important;border-bottom-style: solid !important;}&#8221;][vc_column_text]<strong>1986<\/strong> Construction of a pavilion at the gym began. The new rooms included: a doctor&#8217;s office, a school counselor&#8217;s office, rooms for service staff, a student cloakroom, a darkroom and a room for the planned chamber of tradition of the School. The additional space of the pavilion allowed the creation of a reading room next to the library in the place of the current doctor&#8217;s office<br \/>\nand a room for another IT room[\/vc_column_text][\/vc_column][\/vc_row][vc_row][vc_column css=&#8221;.vc_custom_1586732355866{border-bottom-width: 1px !important;padding-top: 30px !important;border-bottom-color: #000000 !important;border-bottom-style: solid !important;}&#8221;][vc_column_text]Since <strong>September 1 1987<\/strong>, the School had a new name &#8211; Electrical School Complex No. 1, and the facility at \u015awit 25 street received the name of Electrical School Complex No. 2.[\/vc_column_text][\/vc_column][\/vc_row][vc_row][vc_column css=&#8221;.vc_custom_1586732355866{border-bottom-width: 1px !important;padding-top: 30px !important;border-bottom-color: #000000 !important;border-bottom-style: solid !important;}&#8221;][vc_column_text]On<strong> September 1 1999<\/strong>, XXVI General Secondary School &#8211; 3 branches of the general profile with English and Russian were launched in the Complex of Electrical Schools No. 1.[\/vc_column_text][\/vc_column][\/vc_row][vc_row][vc_column css=&#8221;.vc_custom_1586732355866{border-bottom-width: 1px !important;padding-top: 30px !important;border-bottom-color: #000000 !important;border-bottom-style: solid !important;}&#8221;][vc_column_text]From<strong> September 1 2000<\/strong>, in connection with the new network of upper secondary education, the Complex of Electrical Schools No. 1 began working in the following organizational composition:<\/p>\n<ul>\n<li>XXVI High School &#8211; 4 years<\/li>\n<li>Technical Secondary School of Energy &#8211; 5 years<\/li>\n<li>XXVI High School &#8211; 3 years<\/li>\n<li>XXVI Profile High School &#8211; 3 years<\/li>\n<\/ul>\n<p>[\/vc_column_text][\/vc_column][\/vc_row][vc_row][vc_column css=&#8221;.vc_custom_1586732355866{border-bottom-width: 1px !important;padding-top: 30px !important;border-bottom-color: #000000 !important;border-bottom-style: solid !important;}&#8221;][vc_column_text]<strong>2003<\/strong>\u00a0Z dniem 1 wrze\u015bnia, po roku przerwy reaktywowano Technikum Energetyczne.\u00a0Od tego czasu w sk\u0142ad Szko\u0142y wchodzi\u0142y:<\/p>\n<ul>\n<li>XXVI Liceum Og\u00f3lnokszta\u0142c\u0105ce \u2013 3-letnie<\/li>\n<li>XXVI Liceum Profilowane \u2013 3-letnie<\/li>\n<li>Technikum Energetyczne \u2013 4-letnie<\/li>\n<\/ul>\n<p>[\/vc_column_text][\/vc_column][\/vc_row][vc_row][vc_column css=&#8221;.vc_custom_1586732355866{border-bottom-width: 1px !important;padding-top: 30px !important;border-bottom-color: #000000 !important;border-bottom-style: solid !important;}&#8221;][vc_column_text]On <strong>September 1 2003<\/strong>, after a year of break, the Technical Secondary School of Energy<br \/>\nwas reactivated. Since then, the School included:<\/p>\n<ul>\n<li>XXVI High School &#8211; 3 years<\/li>\n<li>XXVI Profile High School &#8211; 3 years<\/li>\n<li>Technical Secondary School of Energy &#8211; 4 years<\/li>\n<\/ul>\n<p>and until the end of the training cycle:<\/p>\n<ul>\n<li>XXVI High School &#8211; 4 years<\/li>\n<li>Technical Secondary School of Energy &#8211; 5 years<\/li>\n<\/ul>\n<p>[\/vc_column_text][\/vc_column][\/vc_row][vc_row][vc_column css=&#8221;.vc_custom_1586732355866{border-bottom-width: 1px !important;padding-top: 30px !important;border-bottom-color: #000000 !important;border-bottom-style: solid !important;}&#8221;][vc_column_text]From <strong>September 1, 2017<\/strong>. The school functions as:<\/p>\n<ul>\n<li>Technical Secondary School of Energy &#8211; 4 years<\/li>\n<\/ul>\n<p>From <strong>September 1, 2019<\/strong>, the school operates in the composition of:<\/p>\n<ul>\n<li>Technical Secondary School of Energy &#8211; 4 years to complete the cycle<\/li>\n<li>Technical Secondary School of Energy &#8211; 5 years with profiles;<\/li>\n<li>IT specialist<\/li>\n<li>electronics technician<\/li>\n<li>electrical technician<\/li>\n<li>automation technician<\/li>\n<li>energy technician<\/li>\n<\/ul>\n<p>[\/vc_column_text][\/vc_column][\/vc_row]<\/p>\n<\/div>","protected":false},"excerpt":{"rendered":"<p>[vc_row][vc_column width=&#8221;1\/4&#8243;][\/vc_column][vc_column width=&#8221;3\/4&#8243; css=&#8221;.vc_custom_1586729459792{padding-top: 30px !important;}&#8221;][vc_column_text]The school has its beginnings in 1937. In September, the State Mechanical and Electrical High School in Pozna\u0144 was established, which was the foundation of the Higher School of Machine Construction, with which it formed an organizational whole. It was a three-year vocational school of the second degree with the&hellip;<\/p>\n","protected":false},"author":1,"featured_media":0,"parent":0,"menu_order":0,"comment_status":"closed","ping_status":"closed","template":"","meta":{"footnotes":""},"class_list":["post-2045","page","type-page","status-publish","hentry","description-off"],"_links":{"self":[{"href":"https:\/\/te.poznan.pl\/index.php?rest_route=\/wp\/v2\/pages\/2045","targetHints":{"allow":["GET"]}}],"collection":[{"href":"https:\/\/te.poznan.pl\/index.php?rest_route=\/wp\/v2\/pages"}],"about":[{"href":"https:\/\/te.poznan.pl\/index.php?rest_route=\/wp\/v2\/types\/page"}],"author":[{"embeddable":true,"href":"https:\/\/te.poznan.pl\/index.php?rest_route=\/wp\/v2\/users\/1"}],"replies":[{"embeddable":true,"href":"https:\/\/te.poznan.pl\/index.php?rest_route=%2Fwp%2Fv2%2Fcomments&post=2045"}],"version-history":[{"count":3,"href":"https:\/\/te.poznan.pl\/index.php?rest_route=\/wp\/v2\/pages\/2045\/revisions"}],"predecessor-version":[{"id":2048,"href":"https:\/\/te.poznan.pl\/index.php?rest_route=\/wp\/v2\/pages\/2045\/revisions\/2048"}],"wp:attachment":[{"href":"https:\/\/te.poznan.pl\/index.php?rest_route=%2Fwp%2Fv2%2Fmedia&parent=2045"}],"curies":[{"name":"wp","href":"https:\/\/api.w.org\/{rel}","templated":true}]}}