{"id":1386,"date":"2020-04-11T15:58:53","date_gmt":"2020-04-11T13:58:53","guid":{"rendered":"http:\/\/mwgarden.wytyk.pl\/?page_id=1386"},"modified":"2023-09-04T19:15:16","modified_gmt":"2023-09-04T17:15:16","slug":"strefa-zawodowca","status":"publish","type":"page","link":"https:\/\/te.poznan.pl\/?page_id=1386","title":{"rendered":"Strefa Zawodowca"},"content":{"rendered":"<div class=\"wpb-content-wrapper\"><p>[vc_row css=&#8221;.vc_custom_1587065710201{padding-bottom: 30px !important;}&#8221;][vc_column width=&#8221;1\/5&#8243;][vc_hoverbox image=&#8221;727&#8243; primary_title=&#8221;INFORMATYK&#8221; primary_title_font_container=&#8221;font_size:24|color:%23ffffff&#8221; primary_title_use_theme_fonts=&#8221;yes&#8221; hover_title=&#8221;PRZEJD\u0179&#8221; hover_title_font_container=&#8221;font_size:24|color:%230066bf&#8221; hover_title_use_theme_fonts=&#8221;yes&#8221; use_custom_fonts_primary_title=&#8221;true&#8221; use_custom_fonts_hover_title=&#8221;true&#8221; hover_title_link=&#8221;url:%2F%3Fpage_id%3D1609|||&#8221;]DO STREFY INFORMATYKA[\/vc_hoverbox][\/vc_column][vc_column width=&#8221;1\/5&#8243;][vc_hoverbox image=&#8221;725&#8243; primary_title=&#8221;ELEKTRONIK&#8221; primary_title_font_container=&#8221;font_size:24|color:%23ffffff&#8221; primary_title_use_theme_fonts=&#8221;yes&#8221; hover_title=&#8221;PRZEJD\u0179&#8221; hover_title_font_container=&#8221;font_size:24|color:%230066bf&#8221; hover_title_use_theme_fonts=&#8221;yes&#8221; use_custom_fonts_primary_title=&#8221;true&#8221; use_custom_fonts_hover_title=&#8221;true&#8221; hover_title_link=&#8221;url:%2F%3Fpage_id%3D1612|||&#8221;]DO STREFY ELEKTRONIKA[\/vc_hoverbox][\/vc_column][vc_column width=&#8221;1\/5&#8243;][vc_hoverbox image=&#8221;726&#8243; primary_title=&#8221;ELEKTRYK&#8221; primary_title_font_container=&#8221;font_size:24|color:%23ffffff&#8221; primary_title_use_theme_fonts=&#8221;yes&#8221; hover_title=&#8221;PRZEJD\u0179&#8221; hover_title_font_container=&#8221;font_size:24|color:%230066bf&#8221; hover_title_use_theme_fonts=&#8221;yes&#8221; use_custom_fonts_primary_title=&#8221;true&#8221; use_custom_fonts_hover_title=&#8221;true&#8221; hover_title_link=&#8221;url:%2F%3Fpage_id%3D1615|||&#8221;]DO STREFY ELEKTRYKA[\/vc_hoverbox][\/vc_column][vc_column width=&#8221;1\/5&#8243;][vc_hoverbox image=&#8221;724&#8243; primary_title=&#8221;ENERGETYK&#8221; primary_title_font_container=&#8221;font_size:24|color:%23ffffff&#8221; primary_title_use_theme_fonts=&#8221;yes&#8221; hover_title=&#8221;PRZEJD\u0179&#8221; hover_title_font_container=&#8221;font_size:24|color:%230066bf&#8221; hover_title_use_theme_fonts=&#8221;yes&#8221; use_custom_fonts_primary_title=&#8221;true&#8221; use_custom_fonts_hover_title=&#8221;true&#8221; hover_title_link=&#8221;url:%2F%3Fpage_id%3D1618|||&#8221;]DO STREFY ENERGETYKA[\/vc_hoverbox][\/vc_column][vc_column width=&#8221;1\/5&#8243;][vc_hoverbox image=&#8221;723&#8243; primary_title=&#8221;AUTOMATYK&#8221; primary_title_font_container=&#8221;font_size:24|color:%23ffffff&#8221; primary_title_use_theme_fonts=&#8221;yes&#8221; hover_title=&#8221;PRZEJD\u0179&#8221; hover_title_font_container=&#8221;font_size:24|color:%230066bf&#8221; hover_title_use_theme_fonts=&#8221;yes&#8221; use_custom_fonts_primary_title=&#8221;true&#8221; use_custom_fonts_hover_title=&#8221;true&#8221; hover_title_link=&#8221;url:%2F%3Fpage_id%3D1621|||&#8221;]DO STREFY AUTOMATYKA[\/vc_hoverbox][\/vc_column][\/vc_row][vc_row css=&#8221;.vc_custom_1586786969801{margin-bottom: 20px !important;border-top-width: 1px !important;border-bottom-width: 1px !important;border-top-color: #0066bf !important;border-top-style: solid !important;border-bottom-color: #0066bf !important;border-bottom-style: solid !important;}&#8221;][vc_column][vc_custom_heading text=&#8221;PRAKTYKI ZAWODOWE&#8221; font_container=&#8221;tag:h3|font_size:30|text_align:center|color:%230066bf|line_height:1&#8243; use_theme_fonts=&#8221;yes&#8221;][vc_row_inner][vc_column_inner]<div class=\"standard-arrow list-divider bullet-top\"><ul>\n<li><a href=\"https:\/\/te.poznan.pl\/wp-content\/uploads\/2023\/09\/regulamin-praktyk.pdf\" target=\"_blank\" rel=\"noopener\">REGULAMIN PRAKTYKI ZAWODOWEJ<\/a><\/li>\n<li><a href=\"https:\/\/te.poznan.pl\/wp-content\/uploads\/2023\/03\/ZASADY-PRZEBIEGU-PRAKTYK-ZAWODOWYCH.pdf\" target=\"_blank\" rel=\"noopener noreferrer\">ZASADY PRZEBIEGU PRAKTYK ZAWODOWYCH W ROKU SZKOLNYM 2021\/2022<\/a><\/li>\n<li><a href=\"https:\/\/te.poznan.pl\/wp-content\/uploads\/2023\/03\/Wzor-dzienniczka-praktyk.pdf\" target=\"_blank\" rel=\"noopener noreferrer\">WZ\u00d3R DZIENNICZKA PRAKTYK rok szkolny 2022\/2023<\/a><\/li>\n<li><a href=\"https:\/\/te.poznan.pl\/wp-content\/uploads\/2020\/09\/D20190991-03.pdf\" target=\"_blank\" rel=\"noopener noreferrer\">PODSTAWY PROGRAMOWE KSZTA\u0141CENIA W ZAWODACH SZKOLNICTWA BRAN\u017bOWEGO PRZYPORZ\u0104DKOWANYCH DO BRAN\u017bY ELEKTRONICZNO-MECHATRONICZNEJ (ELM)<\/a><\/li>\n<li><a href=\"https:\/\/te.poznan.pl\/wp-content\/uploads\/2020\/09\/D20190991-08.pdf\" target=\"_blank\" rel=\"noopener noreferrer\">PODSTAWY PROGRAMOWE KSZTA\u0141CENIA W ZAWODACH SZKOLNICTWA BRAN\u017bOWEGO PRZYPORZ\u0104DKOWANYCH DO BRAN\u017bY TELEINFORMATYCZNEJ (INF)<\/a><\/li>\n<li><a href=\"https:\/\/te.poznan.pl\/wp-content\/uploads\/2021\/01\/Deklaracja-egzaminacyjna_.pdf\" target=\"_blank\" rel=\"noopener\">DEKLARACJA EGZAMINACYJNA<\/a><\/li>\n<li><a href=\"https:\/\/te.poznan.pl\/wp-content\/uploads\/2021\/09\/Program-praktyki-zawodowej-technik-informatyk.pdf\" target=\"_blank\" rel=\"noopener\">Program praktyki zawodowej <strong>technik informatyk <\/strong><\/a><strong><a href=\"https:\/\/te.poznan.pl\/wp-content\/uploads\/2021\/09\/Program-praktyki-zawodowej-technik-informatyk.pdf\" target=\"_blank\" rel=\"noopener\">351203<\/a><\/strong><\/li>\n<li><a href=\"https:\/\/te.poznan.pl\/wp-content\/uploads\/2021\/09\/Program-praktyki-zawodowej-technik-automatyk.pdf\" target=\"_blank\" rel=\"noopener\">Program praktyki zawodowej <strong>technik automatyk 311909<\/strong><\/a><\/li>\n<li><a href=\"https:\/\/te.poznan.pl\/wp-content\/uploads\/2021\/09\/Program-praktyki-zawodowej-technik-elektryk.pdf\" target=\"_blank\" rel=\"noopener\">Program praktyki zawodowej <strong>technik elektryk 311303<\/strong><\/a><\/li>\n<li><a href=\"https:\/\/te.poznan.pl\/wp-content\/uploads\/2023\/03\/Program-praktyki-zawodowej-dla-technika-elektronika-311408.pdf\" target=\"_blank\" rel=\"noopener\">Program praktyki zawodowej <strong>technik elektronik 311408<\/strong><\/a><\/li>\n<li><a href=\"https:\/\/te.poznan.pl\/wp-content\/uploads\/2021\/09\/Program-praktyki-zawodowej-technik-energetyk.pdf\" target=\"_blank\" rel=\"noopener\">Program praktyki zawodowej <strong>technik energetyk 311307<\/strong><\/a><\/li>\n<\/ul>\n<\/div>[\/vc_column_inner][\/vc_row_inner][\/vc_column][\/vc_row][vc_row css=&#8221;.vc_custom_1586786969801{margin-bottom: 20px !important;border-top-width: 1px !important;border-bottom-width: 1px !important;border-top-color: #0066bf !important;border-top-style: solid !important;border-bottom-color: #0066bf !important;border-bottom-style: solid !important;}&#8221;][vc_column][vc_custom_heading text=&#8221;EGZAMINY ZAWODOWE&#8221; font_container=&#8221;tag:h3|font_size:30|text_align:center|color:%230066bf|line_height:1&#8243; use_theme_fonts=&#8221;yes&#8221;][vc_row_inner][vc_column_inner width=&#8221;1\/5&#8243;]<span id=\"creative-link-wrap-3877\" class=\"ult_main_cl ult-adjust-bottom-margin  \" >\n\t \t\t\t<span class=\"ult_cl_link_9  ult_crlink\" >\n\t\t\t\t\t<a  data-ultimate-target='#creative-link-wrap-3877 .ult_colorlink'  data-responsive-json-new='{\"font-size\":\"\",\"line-height\":\"\"}'  href=\"#informatyk\"  class=\"ult_colorlink ult-responsive \" style=\"font-weight:normal; \"  data-textcolor=\"#0066bf\" data-texthover=\"#333333\"data-style=\"Style_9\">\n\t\t\t\t\t\t<span class=\"ult_link_top ult_btn9_link_top \" style=\"border-top-width:1px;border-top-style:solid;border-top-color:#333333;\"><\/span>\n\t\t\t\t\t\t<span data-hover=\"technik informatyk\" style=\"color:#0066bf;;;\" class=\"ult_btn10_span   \">technik informatyk<\/span>\n\t\t\t\t\t\t<span class=\"ult_link_btm  ult_btn9_link_btm\" style=\"border-top-width:1px;border-top-style:solid;border-top-color:#333333;\"><\/span>\n\t\t\t\t\t<\/a>\n\t\t\t\t<\/span>\n\t\t\t<\/span>[\/vc_column_inner][vc_column_inner width=&#8221;1\/5&#8243;]<span id=\"creative-link-wrap-4151\" class=\"ult_main_cl ult-adjust-bottom-margin  \" >\n\t \t\t\t<span class=\"ult_cl_link_9  ult_crlink\" >\n\t\t\t\t\t<a  data-ultimate-target='#creative-link-wrap-4151 .ult_colorlink'  data-responsive-json-new='{\"font-size\":\"\",\"line-height\":\"\"}'  href=\"#elektronik\"  class=\"ult_colorlink ult-responsive \" style=\"font-weight:normal; \"  data-textcolor=\"#0066bf\" data-texthover=\"#333333\"data-style=\"Style_9\">\n\t\t\t\t\t\t<span class=\"ult_link_top ult_btn9_link_top \" style=\"border-top-width:1px;border-top-style:solid;border-top-color:#333333;\"><\/span>\n\t\t\t\t\t\t<span data-hover=\"technik elektronik\" style=\"color:#0066bf;;;\" class=\"ult_btn10_span   \">technik elektronik<\/span>\n\t\t\t\t\t\t<span class=\"ult_link_btm  ult_btn9_link_btm\" style=\"border-top-width:1px;border-top-style:solid;border-top-color:#333333;\"><\/span>\n\t\t\t\t\t<\/a>\n\t\t\t\t<\/span>\n\t\t\t<\/span>[\/vc_column_inner][vc_column_inner width=&#8221;1\/5&#8243;]<span id=\"creative-link-wrap-4609\" class=\"ult_main_cl ult-adjust-bottom-margin  \" >\n\t \t\t\t<span class=\"ult_cl_link_9  ult_crlink\" >\n\t\t\t\t\t<a  data-ultimate-target='#creative-link-wrap-4609 .ult_colorlink'  data-responsive-json-new='{\"font-size\":\"\",\"line-height\":\"\"}'  href=\"#elektryk\"  class=\"ult_colorlink ult-responsive \" style=\"font-weight:normal; \"  data-textcolor=\"#0066bf\" data-texthover=\"#333333\"data-style=\"Style_9\">\n\t\t\t\t\t\t<span class=\"ult_link_top ult_btn9_link_top \" style=\"border-top-width:1px;border-top-style:solid;border-top-color:#333333;\"><\/span>\n\t\t\t\t\t\t<span data-hover=\"technik elektryk\" style=\"color:#0066bf;;;\" class=\"ult_btn10_span   \">technik elektryk<\/span>\n\t\t\t\t\t\t<span class=\"ult_link_btm  ult_btn9_link_btm\" style=\"border-top-width:1px;border-top-style:solid;border-top-color:#333333;\"><\/span>\n\t\t\t\t\t<\/a>\n\t\t\t\t<\/span>\n\t\t\t<\/span>[\/vc_column_inner][vc_column_inner width=&#8221;1\/5&#8243;]<span id=\"creative-link-wrap-5905\" class=\"ult_main_cl ult-adjust-bottom-margin  \" >\n\t \t\t\t<span class=\"ult_cl_link_9  ult_crlink\" >\n\t\t\t\t\t<a  data-ultimate-target='#creative-link-wrap-5905 .ult_colorlink'  data-responsive-json-new='{\"font-size\":\"\",\"line-height\":\"\"}'  href=\"#energetyk\"  class=\"ult_colorlink ult-responsive \" style=\"font-weight:normal; \"  data-textcolor=\"#0066bf\" data-texthover=\"#333333\"data-style=\"Style_9\">\n\t\t\t\t\t\t<span class=\"ult_link_top ult_btn9_link_top \" style=\"border-top-width:1px;border-top-style:solid;border-top-color:#333333;\"><\/span>\n\t\t\t\t\t\t<span data-hover=\"technik energetyk\" style=\"color:#0066bf;;;\" class=\"ult_btn10_span   \">technik energetyk<\/span>\n\t\t\t\t\t\t<span class=\"ult_link_btm  ult_btn9_link_btm\" style=\"border-top-width:1px;border-top-style:solid;border-top-color:#333333;\"><\/span>\n\t\t\t\t\t<\/a>\n\t\t\t\t<\/span>\n\t\t\t<\/span>[\/vc_column_inner][vc_column_inner width=&#8221;1\/5&#8243;]<span id=\"creative-link-wrap-9211\" class=\"ult_main_cl ult-adjust-bottom-margin  \" >\n\t \t\t\t<span class=\"ult_cl_link_9  ult_crlink\" >\n\t\t\t\t\t<a  data-ultimate-target='#creative-link-wrap-9211 .ult_colorlink'  data-responsive-json-new='{\"font-size\":\"\",\"line-height\":\"\"}'  href=\"#automatyk\"  class=\"ult_colorlink ult-responsive \" style=\"font-weight:normal; \"  data-textcolor=\"#0066bf\" data-texthover=\"#333333\"data-style=\"Style_9\">\n\t\t\t\t\t\t<span class=\"ult_link_top ult_btn9_link_top \" style=\"border-top-width:1px;border-top-style:solid;border-top-color:#333333;\"><\/span>\n\t\t\t\t\t\t<span data-hover=\"technik automatyk\" style=\"color:#0066bf;;;\" class=\"ult_btn10_span   \">technik automatyk<\/span>\n\t\t\t\t\t\t<span class=\"ult_link_btm  ult_btn9_link_btm\" style=\"border-top-width:1px;border-top-style:solid;border-top-color:#333333;\"><\/span>\n\t\t\t\t\t<\/a>\n\t\t\t\t<\/span>\n\t\t\t<\/span>[\/vc_column_inner][vc_column_inner][\/vc_column_inner][\/vc_row_inner][\/vc_column][\/vc_row][vc_row full_width=&#8221;stretch_row&#8221; bg_type=&#8221;image&#8221; parallax_style=&#8221;vcpb-vz-jquery&#8221; bg_image_new=&#8221;id^727|url^https:\/\/te.poznan.pl\/wp-content\/uploads\/2020\/04\/informatics.jpg|caption^null|alt^null|title^informatics|description^null&#8221; bg_image_repeat=&#8221;no-repeat&#8221; bg_img_attach=&#8221;fixed&#8221; disable_on_mobile_img_parallax=&#8221;disable_on_mobile_img_parallax_value&#8221; el_id=&#8221;informatyk&#8221;][vc_column offset=&#8221;vc_col-lg-offset-4 vc_col-lg-8&#8243; css=&#8221;.vc_custom_1586785085501{background-color: #f7f7f7 !important;}&#8221;][vc_column_text]<\/p>\n<h2 class=\"vc_custom_heading\">TECHNIK INFORMATYK<\/h2>\n<div class=\"q_list circle\">\n<p><span style=\"color: #ff0000;\"><strong>symbol zawodu <\/strong>351203<\/span><br \/>\nK1 \u2013 <strong>INF.02.<\/strong> Administracja i eksploatacja system\u00f3w komputerowych, urz\u0105dze\u0144 peryferyjnych i lokalnych sieci komputerowych<br \/>\nK2 \u2013 <strong>INF.03.<\/strong> Tworzenie i administrowanie stronami i aplikacjami internetowymi oraz bazami danych<\/p>\n<p>Egzamin potwierdzaj\u0105cy pierwsz\u0105 kwalifikacj\u0119 odbywa si\u0119 pod koniec II semestru klasy trzeciej.<\/p>\n<p>Egzamin potwierdzaj\u0105cy drug\u0105 kwalifikacj\u0119 odbywa si\u0119 pod koniec I semestru klasy pi\u0105tej.<\/p>\n<p><span style=\"color: #003366;\">Praktyki zawodowe w klasie III w wymiarze 4 tygodni (140 godzin)<\/span><\/p>\n<p><span style=\"color: #003366;\">Praktyki zawodowe w klasie IV w wymiarze 4 tygodni (140 godzin)<\/span><\/p>\n<\/div>\n<p>[\/vc_column_text][\/vc_column][\/vc_row][vc_row full_width=&#8221;stretch_row&#8221; bg_type=&#8221;image&#8221; parallax_style=&#8221;vcpb-vz-jquery&#8221; bg_image_new=&#8221;id^725|url^https:\/\/te.poznan.pl\/wp-content\/uploads\/2020\/04\/electronics.jpg|caption^null|alt^null|title^electronics|description^null&#8221; bg_image_repeat=&#8221;no-repeat&#8221; bg_img_attach=&#8221;fixed&#8221; disable_on_mobile_img_parallax=&#8221;disable_on_mobile_img_parallax_value&#8221; css=&#8221;.vc_custom_1587817656086{margin-top: 50px !important;}&#8221; el_id=&#8221;elektronik&#8221;][vc_column offset=&#8221;vc_col-lg-offset-4 vc_col-lg-8&#8243; css=&#8221;.vc_custom_1586785085501{background-color: #f7f7f7 !important;}&#8221;][vc_column_text]<\/p>\n<h2 class=\"vc_custom_heading\">TECHNIK ELEKTRONIK<\/h2>\n<div class=\"q_list circle\">\n<p><span style=\"color: #ff0000;\"><strong>Symbol\u00a0 zawodu <\/strong>311408<\/span><br \/>\nK1 \u2013 <strong>ELM.02.<\/strong> Monta\u017c oraz instalowanie uk\u0142ad\u00f3w i urz\u0105dze\u0144 elektronicznych<br \/>\nK2 \u2013 <strong>ELM.05<\/strong>. Eksploatacja urz\u0105dze\u0144 elektronicznych<\/p>\n<p>Egzamin potwierdzaj\u0105cy pierwsz\u0105 kwalifikacj\u0119 odbywa si\u0119 pod koniec II semestru klasy trzeciej.<\/p>\n<p>Egzamin potwierdzaj\u0105cy drug\u0105 kwalifikacj\u0119 odbywa si\u0119 pod koniec I semestru klasy pi\u0105tej.<\/p>\n<p><span style=\"color: #003366;\">Praktyki zawodowe w klasie III w wymiarze 4 tygodni (140 godzin)<\/span><\/p>\n<p><span style=\"color: #003366;\">Praktyki zawodowe w klasie IV w wymiarze 4 tygodni (140 godzin)<\/span><\/p>\n<\/div>\n<p>[\/vc_column_text][\/vc_column][\/vc_row][vc_row full_width=&#8221;stretch_row&#8221; bg_type=&#8221;image&#8221; parallax_style=&#8221;vcpb-vz-jquery&#8221; bg_image_new=&#8221;id^726|url^https:\/\/te.poznan.pl\/wp-content\/uploads\/2020\/04\/energy.jpg|caption^null|alt^null|title^energy|description^null&#8221; bg_image_repeat=&#8221;no-repeat&#8221; bg_img_attach=&#8221;fixed&#8221; disable_on_mobile_img_parallax=&#8221;disable_on_mobile_img_parallax_value&#8221; css=&#8221;.vc_custom_1587817713927{margin-top: 50px !important;}&#8221; el_id=&#8221;elektryk&#8221;][vc_column offset=&#8221;vc_col-lg-offset-4 vc_col-lg-8&#8243; css=&#8221;.vc_custom_1586785085501{background-color: #f7f7f7 !important;}&#8221;][vc_column_text]<\/p>\n<h2 class=\"vc_custom_heading\">TECHNIK ELEKTRYK<\/h2>\n<div class=\"q_list circle\">\n<p><span style=\"color: #ff0000;\"><strong>Symbol\u00a0 zawodu <\/strong>\u00a0311303<\/span><\/p>\n<p>K1 \u2013 <strong>ELE.02<\/strong> Monta\u017c, uruchamianie i konserwacja instalacji, maszyn i urz\u0105dze\u0144 elektrycznych<\/p>\n<p>K2 &#8211; <strong>ELE.05<\/strong>. Eksploatacja maszyn, urz\u0105dze\u0144 i instalacji elektrycznych<\/p>\n<p>Egzamin potwierdzaj\u0105cy pierwsz\u0105 kwalifikacj\u0119 odbywa si\u0119 pod koniec II semestru klasy czwartej.<\/p>\n<p>Egzamin potwierdzaj\u0105cy drug\u0105 kwalifikacj\u0119 odbywa si\u0119 pod koniec I semestru klasy pi\u0105tej.<\/p>\n<p><span style=\"color: #003366;\">Praktyki zawodowe w klasie III w wymiarze 4 tygodni (140 godzin)<\/span><\/p>\n<p><span style=\"color: #003366;\">Praktyki zawodowe w klasie IV w wymiarze 4 tygodni (140 godzin)<\/span><\/p>\n<\/div>\n<p>[\/vc_column_text][\/vc_column][\/vc_row][vc_row full_width=&#8221;stretch_row&#8221; bg_type=&#8221;image&#8221; parallax_style=&#8221;vcpb-vz-jquery&#8221; bg_image_new=&#8221;id^724|url^https:\/\/te.poznan.pl\/wp-content\/uploads\/2020\/04\/elecrticyty.jpg|caption^null|alt^null|title^elecrticyty|description^null&#8221; bg_image_repeat=&#8221;no-repeat&#8221; bg_img_attach=&#8221;fixed&#8221; css=&#8221;.vc_custom_1587817728706{margin-top: 50px !important;}&#8221; el_id=&#8221;energetyk&#8221;][vc_column offset=&#8221;vc_col-lg-offset-4 vc_col-lg-8&#8243; css=&#8221;.vc_custom_1586785085501{background-color: #f7f7f7 !important;}&#8221;][vc_column_text]<\/p>\n<h2 class=\"vc_custom_heading\">TECHNIK ENERGETYK<\/h2>\n<div class=\"q_list circle\">\n<p><span style=\"color: #ff0000;\"><strong>symbol<\/strong> <strong>zawodu 311307<\/strong><\/span><br \/>\nK1 \u2013 <strong>ELE.06<\/strong>. Monta\u017c, uruchamianie oraz eksploatacja instalacji i jednostek przesy\u0142owych w systemach energetycznych<br \/>\nK2 \u2013 <strong>ELE.07<\/strong>. Monta\u017c, uruchamianie oraz eksploatacja instalacji i jednostek wytw\u00f3rczych w systemach energetycznych<\/p>\n<p>Egzamin potwierdzaj\u0105cy pierwsz\u0105 kwalifikacj\u0119 odbywa si\u0119 pod koniec II semestru klasy czwartej.<\/p>\n<p>Egzamin potwierdzaj\u0105cy drug\u0105 kwalifikacj\u0119 odbywa si\u0119 pod koniec I semestru klasy pi\u0105tej.<\/p>\n<p><span style=\"color: #003366;\">Praktyki zawodowe w klasie III w wymiarze 4 tygodni (140 godzin)<\/span><\/p>\n<p><span style=\"color: #003366;\">Praktyki zawodowe w klasie IV w wymiarze 4 tygodni (140 godzin)<\/span><\/p>\n<\/div>\n<p>[\/vc_column_text][\/vc_column][\/vc_row][vc_row full_width=&#8221;stretch_row&#8221; bg_type=&#8221;image&#8221; parallax_style=&#8221;vcpb-vz-jquery&#8221; bg_image_new=&#8221;id^723|url^https:\/\/te.poznan.pl\/wp-content\/uploads\/2020\/04\/automatyka.jpg|caption^null|alt^null|title^automatyka|description^null&#8221; bg_image_repeat=&#8221;no-repeat&#8221; bg_img_attach=&#8221;fixed&#8221; disable_on_mobile_img_parallax=&#8221;disable_on_mobile_img_parallax_value&#8221; css=&#8221;.vc_custom_1587817742997{margin-top: 50px !important;}&#8221; el_id=&#8221;automatyk&#8221;][vc_column offset=&#8221;vc_col-lg-offset-4 vc_col-lg-8&#8243; css=&#8221;.vc_custom_1586785085501{background-color: #f7f7f7 !important;}&#8221;][vc_column_text]<\/p>\n<h2 class=\"vc_custom_heading\">TECHNIK AUTOMATYK<\/h2>\n<div class=\"q_list circle\">\n<p><span style=\"color: #ff0000;\"><strong>Symbol zawodu\u00a0 <\/strong>311909<\/span><br \/>\nK1 \u2013 <strong>ELM.01<\/strong>. Monta\u017c, uruchamianie i obs\u0142ugiwanie uk\u0142ad\u00f3w automatyki przemys\u0142owej<\/p>\n<p>K2 \u2013 <strong>ELM.04<\/strong>. Eksploatacja uk\u0142ad\u00f3w automatyki przemys\u0142owej<\/p>\n<p>Egzamin potwierdzaj\u0105cy pierwsz\u0105 kwalifikacj\u0119 odbywa si\u0119 pod koniec II semestru klasy trzeciej.<\/p>\n<p>Egzamin potwierdzaj\u0105cy drug\u0105 kwalifikacj\u0119 odbywa si\u0119 pod koniec I semestru klasy pi\u0105tej.<\/p>\n<p><span style=\"color: #003366;\">Praktyki zawodowe w klasie III w wymiarze 4 tygodni (140 godzin)<\/span><\/p>\n<p><span style=\"color: #003366;\">Praktyki zawodowe w klasie IV w wymiarze 4 tygodni (140 godzin)<\/span><\/p>\n<\/div>\n<p>[\/vc_column_text][\/vc_column][\/vc_row]<\/p>\n<\/div>","protected":false},"excerpt":{"rendered":"<p>[vc_row css=&#8221;.vc_custom_1587065710201{padding-bottom: 30px !important;}&#8221;][vc_column width=&#8221;1\/5&#8243;][vc_hoverbox image=&#8221;727&#8243; primary_title=&#8221;INFORMATYK&#8221; primary_title_font_container=&#8221;font_size:24|color:%23ffffff&#8221; primary_title_use_theme_fonts=&#8221;yes&#8221; hover_title=&#8221;PRZEJD\u0179&#8221; hover_title_font_container=&#8221;font_size:24|color:%230066bf&#8221; hover_title_use_theme_fonts=&#8221;yes&#8221; use_custom_fonts_primary_title=&#8221;true&#8221; use_custom_fonts_hover_title=&#8221;true&#8221; hover_title_link=&#8221;url:%2F%3Fpage_id%3D1609|||&#8221;]DO STREFY INFORMATYKA[\/vc_hoverbox][\/vc_column][vc_column width=&#8221;1\/5&#8243;][vc_hoverbox image=&#8221;725&#8243; primary_title=&#8221;ELEKTRONIK&#8221; primary_title_font_container=&#8221;font_size:24|color:%23ffffff&#8221; primary_title_use_theme_fonts=&#8221;yes&#8221; hover_title=&#8221;PRZEJD\u0179&#8221; hover_title_font_container=&#8221;font_size:24|color:%230066bf&#8221; hover_title_use_theme_fonts=&#8221;yes&#8221; use_custom_fonts_primary_title=&#8221;true&#8221; use_custom_fonts_hover_title=&#8221;true&#8221; hover_title_link=&#8221;url:%2F%3Fpage_id%3D1612|||&#8221;]DO STREFY ELEKTRONIKA[\/vc_hoverbox][\/vc_column][vc_column width=&#8221;1\/5&#8243;][vc_hoverbox image=&#8221;726&#8243; primary_title=&#8221;ELEKTRYK&#8221; primary_title_font_container=&#8221;font_size:24|color:%23ffffff&#8221; primary_title_use_theme_fonts=&#8221;yes&#8221; hover_title=&#8221;PRZEJD\u0179&#8221; hover_title_font_container=&#8221;font_size:24|color:%230066bf&#8221; hover_title_use_theme_fonts=&#8221;yes&#8221; use_custom_fonts_primary_title=&#8221;true&#8221; use_custom_fonts_hover_title=&#8221;true&#8221; hover_title_link=&#8221;url:%2F%3Fpage_id%3D1615|||&#8221;]DO STREFY ELEKTRYKA[\/vc_hoverbox][\/vc_column][vc_column width=&#8221;1\/5&#8243;][vc_hoverbox image=&#8221;724&#8243; primary_title=&#8221;ENERGETYK&#8221; primary_title_font_container=&#8221;font_size:24|color:%23ffffff&#8221; primary_title_use_theme_fonts=&#8221;yes&#8221; hover_title=&#8221;PRZEJD\u0179&#8221; hover_title_font_container=&#8221;font_size:24|color:%230066bf&#8221; hover_title_use_theme_fonts=&#8221;yes&#8221; use_custom_fonts_primary_title=&#8221;true&#8221; use_custom_fonts_hover_title=&#8221;true&#8221; hover_title_link=&#8221;url:%2F%3Fpage_id%3D1618|||&#8221;]DO STREFY&hellip;<\/p>\n","protected":false},"author":1,"featured_media":0,"parent":0,"menu_order":0,"comment_status":"closed","ping_status":"closed","template":"","meta":{"footnotes":""},"class_list":["post-1386","page","type-page","status-publish","hentry","description-off"],"_links":{"self":[{"href":"https:\/\/te.poznan.pl\/index.php?rest_route=\/wp\/v2\/pages\/1386","targetHints":{"allow":["GET"]}}],"collection":[{"href":"https:\/\/te.poznan.pl\/index.php?rest_route=\/wp\/v2\/pages"}],"about":[{"href":"https:\/\/te.poznan.pl\/index.php?rest_route=\/wp\/v2\/types\/page"}],"author":[{"embeddable":true,"href":"https:\/\/te.poznan.pl\/index.php?rest_route=\/wp\/v2\/users\/1"}],"replies":[{"embeddable":true,"href":"https:\/\/te.poznan.pl\/index.php?rest_route=%2Fwp%2Fv2%2Fcomments&post=1386"}],"version-history":[{"count":36,"href":"https:\/\/te.poznan.pl\/index.php?rest_route=\/wp\/v2\/pages\/1386\/revisions"}],"predecessor-version":[{"id":4210,"href":"https:\/\/te.poznan.pl\/index.php?rest_route=\/wp\/v2\/pages\/1386\/revisions\/4210"}],"wp:attachment":[{"href":"https:\/\/te.poznan.pl\/index.php?rest_route=%2Fwp%2Fv2%2Fmedia&parent=1386"}],"curies":[{"name":"wp","href":"https:\/\/api.w.org\/{rel}","templated":true}]}}