{"id":1369,"date":"2020-04-11T13:16:17","date_gmt":"2020-04-11T11:16:17","guid":{"rendered":"http:\/\/mwgarden.wytyk.pl\/?page_id=1369"},"modified":"2020-07-23T13:06:31","modified_gmt":"2020-07-23T11:06:31","slug":"historia-szkoly","status":"publish","type":"page","link":"https:\/\/te.poznan.pl\/?page_id=1369","title":{"rendered":"Historia Szko\u0142y"},"content":{"rendered":"<div class=\"wpb-content-wrapper\"><p>[vc_row][vc_column width=&#8221;1\/4&#8243;]<style type=\"text\/css\" data-type=\"the7_shortcodes-inline-css\">.shortcode-single-image-wrap.shortcode-single-image-9a80d9fc2c5080aa5c3d869d5cdef36b.enable-bg-rollover .rollover i,\n.shortcode-single-image-wrap.shortcode-single-image-9a80d9fc2c5080aa5c3d869d5cdef36b.enable-bg-rollover .rollover-video i {\n  background: ;\n  background: -webkit-linear-gradient();\n  background: linear-gradient();\n}\n.shortcode-single-image-wrap.shortcode-single-image-9a80d9fc2c5080aa5c3d869d5cdef36b .rollover-icon {\n  font-size: 32px;\n  color: #ffffff;\n  min-width: 44px;\n  min-height: 44px;\n  line-height: 44px;\n  border-radius: 100px;\n  border-style: solid;\n  border-width: 0px;\n}\n.dt-icon-bg-on.shortcode-single-image-wrap.shortcode-single-image-9a80d9fc2c5080aa5c3d869d5cdef36b .rollover-icon {\n  background: rgba(255,255,255,0.3);\n  box-shadow: none;\n}\n<\/style><div class=\"shortcode-single-image-wrap shortcode-single-image-9a80d9fc2c5080aa5c3d869d5cdef36b alignnone  enable-bg-rollover dt-icon-bg-off\" style=\"margin-top:0px; margin-bottom:0px; margin-left:0px; margin-right:0px;\" data-pretty-share=\"facebook,twitter,linkedin,pinterest,whatsapp\"><div class=\"shortcode-single-image\"><div class=\"fancy-media-wrap\" style=\"\"><a class=\"layzr-bg rollover rollover-zoom dt-pswp-item pswp-image\" href=\"https:\/\/te.poznan.pl\/wp-content\/uploads\/2020\/04\/budynek1937.jpg\" title=\"budynek1937\" data-dt-img-description=\"\" data-large_image_width=\"684\" data-large_image_height = \"1000\"  style=\"box-shadow:5px 5px 5px 5px rgba(0,0,0,0.6); -webkit-box-shadow:5px 5px 5px 5px rgba(0,0,0,0.6);\"><img decoding=\"async\" class=\"preload-me lazy-load aspect\" src=\"data:image\/svg+xml,%3Csvg%20xmlns%3D&#39;http%3A%2F%2Fwww.w3.org%2F2000%2Fsvg&#39;%20viewBox%3D&#39;0%200%20136%20200&#39;%2F%3E\" data-src=\"https:\/\/te.poznan.pl\/wp-content\/uploads\/2020\/04\/budynek1937-136x200.jpg\" data-srcset=\"https:\/\/te.poznan.pl\/wp-content\/uploads\/2020\/04\/budynek1937-136x200.jpg 136w, https:\/\/te.poznan.pl\/wp-content\/uploads\/2020\/04\/budynek1937-272x400.jpg 272w\" loading=\"eager\" style=\"--ratio: 136 \/ 200\" sizes=\"(max-width: 136px) 100vw, 136px\" width=\"136\" height=\"200\"  data-dt-location=\"https:\/\/te.poznan.pl\/?attachment_id=1466\" alt=\"\" \/><\/a><\/div><\/div><\/div>[\/vc_column][vc_column width=&#8221;3\/4&#8243; css=&#8221;.vc_custom_1586729459792{padding-top: 30px !important;}&#8221;][vc_column_text]<strong>Szko\u0142a istnieje od 1937 roku.<\/strong>\u00a0We wrze\u015bniu powstaje\u00a0<strong>Pa\u0144stwowe Liceum Mechaniczne i Elektryczne<\/strong>\u00a0w Poznaniu stanowi\u0105ce podbudow\u0119 Wy\u017cszej Szko\u0142y Budowy Maszyn, z kt\u00f3r\u0105 stanowi organizacyjn\u0105 ca\u0142o\u015b\u0107. By\u0142a to szko\u0142a zawodowa trzyletnia stopnia drugiego z siedzib\u0105 w budynku dzisiejszej Politechniki Pozna\u0144skiej przy Placu Bergera 5, (obecnie Plac Marii Sk\u0142odowskiej-Curie). Uczni\u00f3w przyjmowano po \u201ema\u0142ej maturze\u201d, tj. po przedwojennych sze\u015bciu klasach o\u015bmioletniego gimnazjum. W roku szkolnym 1937\/38 szko\u0142a mia\u0142a dwie klasy \u2013 mechaniczn\u0105 i elektryczn\u0105.[\/vc_column_text][\/vc_column][\/vc_row][vc_row css=&#8221;.vc_custom_1586730521671{padding-top: 30px !important;}&#8221;][vc_column width=&#8221;2\/3&#8243;][vc_column_text]<strong>1945<\/strong>\u00a01 marca Szko\u0142a podj\u0119\u0142a prac\u0119 jako samodzielna jednostka. W dniu 5 kwietnia. liczy\u0142a 182 uczni\u00f3w, nadto od 1 czerwca otwarto klas\u0119 przygotowawcz\u0105 dla 64 uczni\u00f3w. W lipcu odby\u0142 si\u0119 pierwszy egzamin dojrza\u0142o\u015bci. Z klasy mechanicznej zda\u0142o go 16 os\u00f3b, a z klasy elektrycznej 13.\u00a0<strong>1949<\/strong>\u00a01 wrze\u015bnia Szko\u0142a liczy\u0142a 16 oddzia\u0142\u00f3w rozmieszczonych w trzech budynkach:<\/p>\n<div>Od 1 wrze\u015bnia w sk\u0142adzie plac\u00f3wki znalaz\u0142y si\u0119 szko\u0142y dla doros\u0142ych, a mianowicie: Pa\u0144stwowe Liceum Mechaniczne dla Doros\u0142ych oraz Pa\u0144stwowe Liceum Elektryczne. Szko\u0142y te realizowa\u0142y swoje zadania statutowe do ko\u0144ca roku szkolnego 1960\/61, a nast\u0119pnie w\u0142\u0105czono je do Technikum Mechanicznego Zaocznego w Poznaniu przy ul. Dzier\u017cy\u0144skiego 352\/360 (obecnie ul. 28 Czerwca 1956 r.)<\/div>\n<p>[\/vc_column_text][\/vc_column][vc_column width=&#8221;1\/3&#8243;]<style type=\"text\/css\" data-type=\"the7_shortcodes-inline-css\">.shortcode-single-image-wrap.shortcode-single-image-fca5d2528b9ad1a8819c26e382497757.enable-bg-rollover .rollover i,\n.shortcode-single-image-wrap.shortcode-single-image-fca5d2528b9ad1a8819c26e382497757.enable-bg-rollover .rollover-video i {\n  background: ;\n  background: -webkit-linear-gradient();\n  background: linear-gradient();\n}\n.shortcode-single-image-wrap.shortcode-single-image-fca5d2528b9ad1a8819c26e382497757 .rollover-icon {\n  font-size: 32px;\n  color: #ffffff;\n  min-width: 44px;\n  min-height: 44px;\n  line-height: 44px;\n  border-radius: 100px;\n  border-style: solid;\n  border-width: 0px;\n}\n.dt-icon-bg-on.shortcode-single-image-wrap.shortcode-single-image-fca5d2528b9ad1a8819c26e382497757 .rollover-icon {\n  background: rgba(255,255,255,0.3);\n  box-shadow: none;\n}\n<\/style><div class=\"shortcode-single-image-wrap shortcode-single-image-fca5d2528b9ad1a8819c26e382497757 alignnone  enable-bg-rollover dt-icon-bg-off\" style=\"margin-top:0px; margin-bottom:0px; margin-left:0px; margin-right:0px; width:500px;\" data-pretty-share=\"facebook,twitter,linkedin,pinterest,whatsapp\"><div class=\"shortcode-single-image\"><div class=\"fancy-media-wrap\" style=\"\"><a class=\"layzr-bg rollover rollover-zoom dt-pswp-item pswp-image\" href=\"https:\/\/te.poznan.pl\/wp-content\/uploads\/2020\/04\/budynek1945.jpg\" title=\"budynek1945\" data-dt-img-description=\"\" data-large_image_width=\"1000\" data-large_image_height = \"617\"  style=\"box-shadow:5px 5px 5px 5px rgba(0,0,0,0.6); -webkit-box-shadow:5px 5px 5px 5px rgba(0,0,0,0.6);\"><img fetchpriority=\"high\" decoding=\"async\" class=\"preload-me lazy-load aspect\" src=\"data:image\/svg+xml,%3Csvg%20xmlns%3D&#39;http%3A%2F%2Fwww.w3.org%2F2000%2Fsvg&#39;%20viewBox%3D&#39;0%200%20500%20308&#39;%2F%3E\" data-src=\"https:\/\/te.poznan.pl\/wp-content\/uploads\/2020\/04\/budynek1945-500x308.jpg\" data-srcset=\"https:\/\/te.poznan.pl\/wp-content\/uploads\/2020\/04\/budynek1945-500x308.jpg 500w, https:\/\/te.poznan.pl\/wp-content\/uploads\/2020\/04\/budynek1945.jpg 1000w\" loading=\"eager\" style=\"--ratio: 500 \/ 308\" sizes=\"(max-width: 500px) 100vw, 500px\" width=\"500\" height=\"308\"  data-dt-location=\"https:\/\/te.poznan.pl\/?attachment_id=1467\" alt=\"\" \/><\/a><\/div><\/div><\/div>[\/vc_column][\/vc_row][vc_row][vc_column][vc_column_text]<strong>1951\u00a0Od 1 wrze\u015bnia funkcjonuje nowa nazwa szko\u0142y \u2013\u00a0Technikum Mechaniczno-Elektryczne Ministerstwa Przemys\u0142u Ci\u0119\u017ckiego\u00a0w Poznaniu. 1953<\/strong>\u00a0\u00a0Od 6 lipca Szko\u0142a podlega Ministerstwu Energetyki, jednocze\u015bnie zmienia nazw\u0119 na\u00a0<strong>Technikum Energetyczne.<\/strong>\u00a0<strong>1958<\/strong>\u00a0Od 23 lipca wszystkie agendy Technikum Energetycznego uzyska\u0142y jedn\u0105 siedzib\u0119 w budynku Zasadniczej Szko\u0142y Metalowej nr 1 przy ul. In\u017cynierskiej 4\/5.\u00a0<strong>1959<\/strong>\u00a023 pa\u017adziernika nast\u0105pi\u0142o komisyjne rozdzielenie pomieszcze\u0144 i Technikum Energetyczne przej\u0119\u0142o nowsz\u0105 cz\u0119\u015b\u0107 budynku..[\/vc_column_text][\/vc_column][\/vc_row][vc_row full_width=&#8221;stretch_row&#8221; bg_type=&#8221;image&#8221; parallax_style=&#8221;vcpb-vz-jquery&#8221; bg_image_new=&#8221;id^1476|url^https:\/\/te.poznan.pl\/wp-content\/uploads\/2020\/04\/budynek1964.jpg|caption^null|alt^null|title^budynek1964|description^null&#8221; bg_image_repeat=&#8221;no-repeat&#8221;][vc_column css=&#8221;.vc_custom_1586731639126{padding-top: 100px !important;padding-bottom: 100px !important;}&#8221;][\/vc_column][\/vc_row][vc_row][vc_column css=&#8221;.vc_custom_1586731956400{border-bottom-width: 1px !important;border-bottom-color: #000000 !important;border-bottom-style: solid !important;}&#8221;][vc_custom_heading text=&#8221;W NOWYM BUDYNKU&#8221; font_container=&#8221;tag:h4|text_align:left|color:%23000000&#8243; use_theme_fonts=&#8221;yes&#8221;][vc_column_text]<strong>1964<\/strong>\u00a01 wrze\u015bnia podczas miejskich uroczysto\u015bci z okazji rozpocz\u0119cia roku szkolnego\u00a01964\/65\u00a0\u2013 przekazano Technikum Energetycznemu now\u0105 \u201etysi\u0105clatk\u0119\u201d usytuowan\u0105 przy ul. D\u0105browskiego 163, jednocze\u015bnie nadano Szkole imi\u0119 \u2013 genera\u0142a Aleksandra Zawadzkiego. Nowa siedziba oczywi\u015bcie cieszy\u0142a ca\u0142\u0105 spo\u0142eczno\u015b\u0107 szkoln\u0105, umacnia\u0142a pozycj\u0119 Szko\u0142y, jednak\u017ce by\u0142y to w\u0142a\u015bciwie tylko mury. Wszystko trzeba by\u0142o tworzy\u0107 od\u00a0odstaw, a mianowicie:\u00a0pracownie przedmiotowe (pomiar\u00f3w elektrycznych,\u00a0maszyn elektrycznych, urz\u0105dze\u0144 elektrycznych, automatyki i wysokich napi\u0119\u0107, pracowni\u0119 ciepln\u0105 i ch\u0142odnicz\u0105), wyposa\u017cano sukcesywnie do ko\u0144ca lat 70; zlokalizowano je w najni\u017cszej kondygnacji budynku szko\u0142y (sale 01-07, 011 i 012),\u00a0urz\u0105dzenie boisk i teren\u00f3w zielonych wok\u00f3\u0142 budynku Szko\u0142y, \u0142\u0105cznie z nasadzeniem drzew i krzew\u00f3w, to r\u00f3wnie\u017c kilka lat wysi\u0142ku (razem 55 tys. godzin przepracowanych przez nauczycieli, uczni\u00f3w i rodzic\u00f3w w tzw. \u201eczynach spo\u0142ecznych\u201d).[\/vc_column_text][\/vc_column][\/vc_row][vc_row][vc_column css=&#8221;.vc_custom_1586732017769{border-bottom-width: 1px !important;border-bottom-color: #000000 !important;border-bottom-style: solid !important;}&#8221;][vc_column_text]<strong>1968<\/strong>\u00a0Technikum Energetyczne otrzymuje sztandar ufundowany przez Komitet Rodzicielski i Komitet Opieku\u0144czy Szko\u0142y.[\/vc_column_text][\/vc_column][\/vc_row][vc_row][vc_column css=&#8221;.vc_custom_1586732355866{border-bottom-width: 1px !important;padding-top: 30px !important;border-bottom-color: #000000 !important;border-bottom-style: solid !important;}&#8221;][vc_column_text]<strong>1977<\/strong>\u00a01 stycznia \u2013 kolejna zmiana nazwy Szko\u0142y \u2013 powo\u0142ano\u00a0Zesp\u00f3\u0142 Szk\u00f3\u0142 Elektrycznych, z nast\u0119puj\u0105cym sk\u0142adem organizacyjnym:<\/p>\n<ul>\n<li>Technikum Energetyczne \u2013 5-letnie<\/li>\n<li>Technikum Energetyczne \u2013 3-letnie na podbudowie ZSZ<\/li>\n<li>Technikum Energetyczne \u2013 3-letnie dla pracuj\u0105cych<\/li>\n<li>Liceum Zawodowe \u2013 4-letnie<\/li>\n<li>PSZ \u2013 2-letnie Policealne\u00a0Studium Zawodowe<\/li>\n<\/ul>\n<p>[\/vc_column_text][\/vc_column][\/vc_row][vc_row][vc_column css=&#8221;.vc_custom_1586732355866{border-bottom-width: 1px !important;padding-top: 30px !important;border-bottom-color: #000000 !important;border-bottom-style: solid !important;}&#8221;][vc_column_text]<strong>1983\/1984<\/strong>\u00a0W Zespole Szk\u00f3\u0142 Elektrycznych\u00a0otwarto pierwsz\u0105 w Poznaniu oraz w wojew\u00f3dztwie pracowni\u0119 informatyki, pocz\u0105tkowo wyposa\u017con\u0105 w jeden mikrokomputer, a w roku nast\u0119pnym kolejne osiem komputer\u00f3w z funduszy Kuratorium i trzy mikrokomputery otrzymane w darze z Ministerstwa O\u015bwiaty i Wychowania. W kolejnych latach powsta\u0142a druga pracownia informatyczna. Zakupiono dodatkowy osprz\u0119t: drukarki, stacje dysk\u00f3w, serwer. Od roku 1985 pracownia umo\u017cliwia\u0142a prowadzenie zaj\u0119\u0107 w grupach \u0107wiczeniowych.[\/vc_column_text][\/vc_column][\/vc_row][vc_row][vc_column css=&#8221;.vc_custom_1586732355866{border-bottom-width: 1px !important;padding-top: 30px !important;border-bottom-color: #000000 !important;border-bottom-style: solid !important;}&#8221;][vc_column_text]<strong>1986<\/strong>\u00a0Rozpocz\u0119to budow\u0119 pawilonu przy sali gimnastycznej. W nowych pomieszczeniach zlokalizowano: gabinet lekarski, gabinet pedagoga szkolnego, pomieszczenia dla personelu obs\u0142ugi, szatni\u0119 uczniowsk\u0105, ciemni\u0119 fotograficzn\u0105 i pomieszczenie dla planowanej izby tradycji Szko\u0142y. Dodatkowa powierzchnia pawilonu umo\u017cliwi\u0142a powstanie czytelni przy bibliotece w miejscu dotychczasowego gabinetu lekarskiego i pomieszczenia na kolejn\u0105 pracowni\u0119 informatyczn\u0105.[\/vc_column_text][\/vc_column][\/vc_row][vc_row][vc_column css=&#8221;.vc_custom_1586732355866{border-bottom-width: 1px !important;padding-top: 30px !important;border-bottom-color: #000000 !important;border-bottom-style: solid !important;}&#8221;][vc_column_text]<strong>1987 <\/strong>z dniem 1 wrze\u015bnia Szko\u0142a funkcjonuje pod now\u0105 nazw\u0105 \u2013 Zesp\u00f3\u0142 Szk\u00f3\u0142 Elektrycznych nr 1, a plac\u00f3wka przy ul. \u015awit 25 otrzymuje nazw\u0119 Zesp\u00f3\u0142 Szk\u00f3\u0142 Elektrycznych nr 2.[\/vc_column_text][\/vc_column][\/vc_row][vc_row][vc_column css=&#8221;.vc_custom_1586732355866{border-bottom-width: 1px !important;padding-top: 30px !important;border-bottom-color: #000000 !important;border-bottom-style: solid !important;}&#8221;][vc_column_text]<strong>1999<\/strong>\u00a01 wrze\u015bnia w sk\u0142adzie Zespo\u0142u Szk\u00f3\u0142 Elektrycznych Nr 1 uruchomiono XXVI Liceum Og\u00f3lnokszta\u0142c\u0105ce \u2013 3 oddzia\u0142y o profilu og\u00f3lnym z j\u0119zykiem angielskim i j\u0119zykiem rosyjskim.[\/vc_column_text][\/vc_column][\/vc_row][vc_row][vc_column css=&#8221;.vc_custom_1586732355866{border-bottom-width: 1px !important;padding-top: 30px !important;border-bottom-color: #000000 !important;border-bottom-style: solid !important;}&#8221;][vc_column_text]<strong>2002<\/strong>\u00a0Od 1 wrze\u015bnia, w zwi\u0105zku z nowa sieci\u0105 szkolnictwa ponadgimnazjalnego Zesp\u00f3\u0142 Szk\u00f3\u0142 Elektrycznych Nr 1 rozpocz\u0105\u0142 prac\u0119 w nast\u0119puj\u0105cym sk\u0142adzie organizacyjnym:<\/p>\n<ul>\n<li>XXVI Liceum Og\u00f3lnokszta\u0142c\u0105ce \u2013 4-letnie<\/li>\n<li>Technikum Energetyczne \u2013 5-letnie<\/li>\n<li>XXVI Liceum Og\u00f3lnokszta\u0142c\u0105ce \u2013 3-letnie<\/li>\n<li>XXVI Liceum Profilowane \u2013 3-letnie<\/li>\n<\/ul>\n<p>[\/vc_column_text][\/vc_column][\/vc_row][vc_row][vc_column css=&#8221;.vc_custom_1586732355866{border-bottom-width: 1px !important;padding-top: 30px !important;border-bottom-color: #000000 !important;border-bottom-style: solid !important;}&#8221;][vc_column_text]<strong>2003<\/strong>\u00a0Z dniem 1 wrze\u015bnia, po roku przerwy reaktywowano Technikum Energetyczne.\u00a0Od tego czasu w sk\u0142ad Szko\u0142y wchodzi\u0142y:<\/p>\n<ul>\n<li>XXVI Liceum Og\u00f3lnokszta\u0142c\u0105ce \u2013 3-letnie<\/li>\n<li>XXVI Liceum Profilowane \u2013 3-letnie<\/li>\n<li>Technikum Energetyczne \u2013 4-letnie<\/li>\n<\/ul>\n<p>[\/vc_column_text][\/vc_column][\/vc_row][vc_row][vc_column css=&#8221;.vc_custom_1586732355866{border-bottom-width: 1px !important;padding-top: 30px !important;border-bottom-color: #000000 !important;border-bottom-style: solid !important;}&#8221;][vc_column_text]<strong>2003<\/strong>\u00a0Z dniem 1 wrze\u015bnia, po roku przerwy reaktywowano Technikum Energetyczne.\u00a0Od tego czasu w sk\u0142ad Szko\u0142y wchodzi\u0142y:<\/p>\n<ul>\n<li>XXVI Liceum Og\u00f3lnokszta\u0142c\u0105ce \u2013 3-letnie<\/li>\n<li>XXVI Liceum Profilowane \u2013 3-letnie<\/li>\n<li>Technikum Energetyczne \u2013 4-letnie<\/li>\n<\/ul>\n<p>oraz do zako\u0144czenia cyklu kszta\u0142cenia:<\/p>\n<ul>\n<li>XXVI Liceum Og\u00f3lnokszta\u0142c\u0105ce \u2013 4-letnie<\/li>\n<li>Technikum Energetyczne \u2013 5-letnie<\/li>\n<\/ul>\n<p>[\/vc_column_text][\/vc_column][\/vc_row][vc_row][vc_column css=&#8221;.vc_custom_1586732355866{border-bottom-width: 1px !important;padding-top: 30px !important;border-bottom-color: #000000 !important;border-bottom-style: solid !important;}&#8221;][vc_column_text]Od\u00a0<strong>1 wrze\u015bnia 2017r.<\/strong>\u00a0Szko\u0142a funkcjonuje jako:<\/p>\n<ul>\n<li>Technikum Energetyczne \u2013 4-letnie<\/li>\n<\/ul>\n<p>Od <strong>1 wrze\u015bnia 2019r,<\/strong> Szko\u0142a funkcjonuje w sk\u0142adzie:<\/p>\n<ul>\n<li>Technikum Energetyczne \u2013 4-letnie do zako\u0144czenia cyklu<\/li>\n<li>Technikum Energetyczne \u2013 5-letnie z profilami;\n<ul>\n<li>technik informatyk<\/li>\n<li>technik elektronik<\/li>\n<li>technik elektryk<\/li>\n<li>technik automatyk<\/li>\n<li>technik energetyk<\/li>\n<\/ul>\n<\/li>\n<\/ul>\n<p>[\/vc_column_text][\/vc_column][\/vc_row]<\/p>\n<\/div>","protected":false},"excerpt":{"rendered":"<p>[vc_row][vc_column width=&#8221;1\/4&#8243;][\/vc_column][vc_column width=&#8221;3\/4&#8243; css=&#8221;.vc_custom_1586729459792{padding-top: 30px !important;}&#8221;][vc_column_text]Szko\u0142a istnieje od 1937 roku.\u00a0We wrze\u015bniu powstaje\u00a0Pa\u0144stwowe Liceum Mechaniczne i Elektryczne\u00a0w Poznaniu stanowi\u0105ce podbudow\u0119 Wy\u017cszej Szko\u0142y Budowy Maszyn, z kt\u00f3r\u0105 stanowi organizacyjn\u0105 ca\u0142o\u015b\u0107. By\u0142a to szko\u0142a zawodowa trzyletnia stopnia drugiego z siedzib\u0105 w budynku dzisiejszej Politechniki Pozna\u0144skiej przy Placu Bergera 5, (obecnie Plac Marii Sk\u0142odowskiej-Curie). Uczni\u00f3w przyjmowano po \u201ema\u0142ej maturze\u201d,&hellip;<\/p>\n","protected":false},"author":1,"featured_media":0,"parent":0,"menu_order":0,"comment_status":"closed","ping_status":"closed","template":"","meta":{"footnotes":""},"class_list":["post-1369","page","type-page","status-publish","hentry","description-off"],"_links":{"self":[{"href":"https:\/\/te.poznan.pl\/index.php?rest_route=\/wp\/v2\/pages\/1369","targetHints":{"allow":["GET"]}}],"collection":[{"href":"https:\/\/te.poznan.pl\/index.php?rest_route=\/wp\/v2\/pages"}],"about":[{"href":"https:\/\/te.poznan.pl\/index.php?rest_route=\/wp\/v2\/types\/page"}],"author":[{"embeddable":true,"href":"https:\/\/te.poznan.pl\/index.php?rest_route=\/wp\/v2\/users\/1"}],"replies":[{"embeddable":true,"href":"https:\/\/te.poznan.pl\/index.php?rest_route=%2Fwp%2Fv2%2Fcomments&post=1369"}],"version-history":[{"count":19,"href":"https:\/\/te.poznan.pl\/index.php?rest_route=\/wp\/v2\/pages\/1369\/revisions"}],"predecessor-version":[{"id":1484,"href":"https:\/\/te.poznan.pl\/index.php?rest_route=\/wp\/v2\/pages\/1369\/revisions\/1484"}],"wp:attachment":[{"href":"https:\/\/te.poznan.pl\/index.php?rest_route=%2Fwp%2Fv2%2Fmedia&parent=1369"}],"curies":[{"name":"wp","href":"https:\/\/api.w.org\/{rel}","templated":true}]}}